{"id":844,"date":"2023-10-11T21:44:40","date_gmt":"2023-10-12T01:44:40","guid":{"rendered":"https:\/\/world-bays.com\/?page_id=844"},"modified":"2023-11-14T17:25:19","modified_gmt":"2023-11-14T22:25:19","slug":"mission-et-valeurs","status":"publish","type":"page","link":"https:\/\/world-bays.com\/web\/lassociation\/mission-et-valeurs\/","title":{"rendered":"Mission et valeurs"},"content":{"rendered":"\n<div class=\"b-box-img-content content-wave bg-blue\">\n    \n\t<div class=\"container\">\n\n        \n\n                    <div class=\"boxes\">\n                                    <div class=\"single-box\">\n                                                    <div class=\"box-img\" style=\"background-image: url(https:\/\/world-bays.com\/web\/app\/uploads\/2023\/10\/baie-praia-do-rosa-bay.jpg);\">\n                            <\/div>\n                                                <div class=\"box-content\">\n                                                            <h4>Tourisme et d\u00e9veloppement durable au c\u0153ur de notre action<\/h4>\n                                                        \n                            \n                                                    <\/div>\n                    <\/div>\n                            <\/div>\n        \n\t<\/div>\n\n    <\/div>\n\n\n\n<div class=\"b-content-three-col content-wave bg-white\">\n    \n\t<div class=\"container\">\n                    <div class=\"block-content\">\n                <div class=\"content-left\">\n                                            <h3 class=\"h1\">Les gestes qui nous animent<\/h3>\n                                    <\/div>\n                <div class=\"content-right\"><\/div>\n                <div class=\"content-left\"><\/div>\n                <div class=\"content-right\">\n                                    <\/div>\n            <\/div>\n        \n                    <div class=\"cols\">\n                <div class=\"single-col col-1\">\n                    <p>1- Rassembler diff\u00e9rentes baies sur tous les continents. Favoriser les \u00e9changes multilat\u00e9raux entre les membres de l\u2019Association sur les th\u00e8mes environnementaux, sociaux, \u00e9conomiques et touristiques.<\/p>\n                <\/div>\n                <div class=\"single-col col-2\">\n                    <p>2- Permettre le transfert d\u2019exp\u00e9riences et d\u2019expertises entre les baies sur la promotion, la protection, la pr\u00e9servation, la valorisation et les actions de d\u00e9veloppement durable.<\/p>\n                <\/div>\n                <div class=\"single-col col-3\">\n                    <p>3- Encourager \u00e0 travers ses activit\u00e9s, les \u00e9changes sociaux, culturels, sportifs, commerciaux et industriels entre les populations des baies membres.<\/p>\n                <\/div>\n            <\/div>\n        \n\t<\/div>\n\n    <\/div>\n\n\n\n<div class=\"b-banner-content\" style=\"background-image:url(https:\/\/world-bays.com\/web\/app\/uploads\/2023\/08\/gunchor_tropical_reef_colorful_hyperrealistic_with_shoals_of_t_fa1e0cb1-81be-4e60-b87b-8458453ce14e-1.png);\">\n\t<div class=\"container\">\n\t\t\n        <div class=\"block-content\">\n                        \n                        \n        <\/div>\n\t<\/div>\n\n    <\/div>\n\n\n\n<div class=\"b-content-three-col content-wave bg-blue\">\n    \n\t<div class=\"container\">\n        \n                    <div class=\"cols\">\n                <div class=\"single-col col-1\">\n                    <p>4- Contribuer le cas \u00e9ch\u00e9ant au maintien ou \u00e0 l\u2019am\u00e9lioration des conditions environnementales et \u00e0 la protection de chaque baie membre en donnant acc\u00e8s aux recherches et aux \u00e9tudes scientifiques qui permettront d\u2019atteindre les objectifs de pr\u00e9servation et de d\u00e9veloppement touristique, \u00e9conomique et social.<\/p>\n                <\/div>\n                <div class=\"single-col col-2\">\n                    <p>5- Agir comme porte-parole des membres pour d\u00e9fendre toute atteinte environnementale dans une perspective de d\u00e9veloppement durable.<\/p>\n                <\/div>\n                <div class=\"single-col col-3\">\n                    <p>6- D\u00e9velopper les \u00e9changes, le maillage et la concertation avec des organisations internationales, des universit\u00e9s et des centres de recherche dont les buts et les finalit\u00e9s regrouperaient les int\u00e9r\u00eats de l\u2019APBBM, de ses membres et de leur population.<\/p>\n                <\/div>\n            <\/div>\n        \n\t<\/div>\n\n    <\/div>\n\n\n\n<div class=\"b-banner-content\" style=\"background-image:url(https:\/\/world-bays.com\/web\/app\/uploads\/2023\/08\/gunchor_tropical_reef_colorful_hyperrealistic_with_shoals_of_t_8de9467a-7fc7-44a0-a575-3f0d490da6c7.png);\">\n\t<div class=\"container\">\n\t\t\n        <div class=\"block-content\">\n                        \n                        \n        <\/div>\n\t<\/div>\n\n    <\/div>\n\n\n\n<div class=\"b-content-three-col content-wave bg-white\">\n    \n\t<div class=\"container\">\n        \n                    <div class=\"cols\">\n                <div class=\"single-col col-1\">\n                    <p>7- Permettre \u00e0 toutes les entreprises d\u2019adh\u00e9rer aux valeurs et aux objectifs de l\u2019APBBM.<\/p>\n                <\/div>\n                <div class=\"single-col col-2\">\n                    <p>8- Agir comme animateur, ressource ou diffuseur aupr\u00e8s des baies membres,  et ainsi garantir la meilleure communication possible entre l\u2019Association et ses membres.<\/p>\n                <\/div>\n                <div class=\"single-col col-3\">\n                    <p>9- Obtenir une reconnaissance locale, nationale et internationale et de ce fait utiliser les tribunes publiques pour se prononcer sur les sujets qui la concernent.<\/p>\n                <\/div>\n            <\/div>\n        \n\t<\/div>\n\n            <div class=\"wave-bottom\">\n            <svg viewBox=\"0 0 1440 32\"><use xlink:href=\"#wave\" \/><\/svg>\n        <\/div>\n    <\/div>\n","protected":false},"excerpt":{"rendered":"","protected":false},"author":4,"featured_media":0,"parent":11,"menu_order":0,"comment_status":"closed","ping_status":"closed","template":"","meta":{"_acf_changed":false,"footnotes":""},"class_list":["post-844","page","type-page","status-publish","hentry"],"acf":[],"yoast_head":"<!-- This site is optimized with the Yoast SEO plugin v22.7 - https:\/\/yoast.com\/wordpress\/plugins\/seo\/ -->\n<title>Mission et valeurs<\/title>\n<meta name=\"robots\" content=\"index, follow, max-snippet:-1, max-image-preview:large, max-video-preview:-1\" \/>\n<link rel=\"canonical\" href=\"https:\/\/world-bays.com\/web\/lassociation\/mission-et-valeurs\/\" \/>\n<meta property=\"og:locale\" content=\"fr_FR\" \/>\n<meta property=\"og:type\" content=\"article\" \/>\n<meta property=\"og:title\" content=\"Mission et valeurs\" \/>\n<meta property=\"og:url\" content=\"https:\/\/world-bays.com\/web\/lassociation\/mission-et-valeurs\/\" \/>\n<meta property=\"og:site_name\" content=\"Les Plus Belles Baies du Monde\" \/>\n<meta property=\"article:modified_time\" content=\"2023-11-14T22:25:19+00:00\" \/>\n<meta name=\"twitter:card\" content=\"summary_large_image\" \/>\n<script type=\"application\/ld+json\" class=\"yoast-schema-graph\">{\"@context\":\"https:\/\/schema.org\",\"@graph\":[{\"@type\":\"WebPage\",\"@id\":\"https:\/\/world-bays.com\/web\/lassociation\/mission-et-valeurs\/\",\"url\":\"https:\/\/world-bays.com\/web\/lassociation\/mission-et-valeurs\/\",\"name\":\"Mission et valeurs\",\"isPartOf\":{\"@id\":\"https:\/\/world-bays.com\/web\/#website\"},\"datePublished\":\"2023-10-12T01:44:40+00:00\",\"dateModified\":\"2023-11-14T22:25:19+00:00\",\"breadcrumb\":{\"@id\":\"https:\/\/world-bays.com\/web\/lassociation\/mission-et-valeurs\/#breadcrumb\"},\"inLanguage\":\"fr-FR\",\"potentialAction\":[{\"@type\":\"ReadAction\",\"target\":[\"https:\/\/world-bays.com\/web\/lassociation\/mission-et-valeurs\/\"]}]},{\"@type\":\"BreadcrumbList\",\"@id\":\"https:\/\/world-bays.com\/web\/lassociation\/mission-et-valeurs\/#breadcrumb\",\"itemListElement\":[{\"@type\":\"ListItem\",\"position\":1,\"name\":\"Home\",\"item\":\"https:\/\/world-bays.com\/web\/\"},{\"@type\":\"ListItem\",\"position\":2,\"name\":\"L&rsquo;association\",\"item\":\"https:\/\/world-bays.com\/web\/lassociation\/\"},{\"@type\":\"ListItem\",\"position\":3,\"name\":\"Mission et valeurs\"}]},{\"@type\":\"WebSite\",\"@id\":\"https:\/\/world-bays.com\/web\/#website\",\"url\":\"https:\/\/world-bays.com\/web\/\",\"name\":\"Les Plus Belles Baies du Monde\",\"description\":\"\",\"publisher\":{\"@id\":\"https:\/\/world-bays.com\/web\/#organization\"},\"potentialAction\":[{\"@type\":\"SearchAction\",\"target\":{\"@type\":\"EntryPoint\",\"urlTemplate\":\"https:\/\/world-bays.com\/web\/?s={search_term_string}\"},\"query-input\":\"required name=search_term_string\"}],\"inLanguage\":\"fr-FR\"},{\"@type\":\"Organization\",\"@id\":\"https:\/\/world-bays.com\/web\/#organization\",\"name\":\"Les Plus Belles Baies du Monde\",\"url\":\"https:\/\/world-bays.com\/web\/\",\"logo\":{\"@type\":\"ImageObject\",\"inLanguage\":\"fr-FR\",\"@id\":\"https:\/\/world-bays.com\/web\/#\/schema\/logo\/image\/\",\"url\":\"https:\/\/world-bays.com\/web\/app\/uploads\/2023\/11\/img_0149.png\",\"contentUrl\":\"https:\/\/world-bays.com\/web\/app\/uploads\/2023\/11\/img_0149.png\",\"width\":174,\"height\":162,\"caption\":\"Les Plus Belles Baies du Monde\"},\"image\":{\"@id\":\"https:\/\/world-bays.com\/web\/#\/schema\/logo\/image\/\"}}]}<\/script>\n<!-- \/ Yoast SEO plugin. -->","yoast_head_json":{"title":"Mission et valeurs","robots":{"index":"index","follow":"follow","max-snippet":"max-snippet:-1","max-image-preview":"max-image-preview:large","max-video-preview":"max-video-preview:-1"},"canonical":"https:\/\/world-bays.com\/web\/lassociation\/mission-et-valeurs\/","og_locale":"fr_FR","og_type":"article","og_title":"Mission et valeurs","og_url":"https:\/\/world-bays.com\/web\/lassociation\/mission-et-valeurs\/","og_site_name":"Les Plus Belles Baies du Monde","article_modified_time":"2023-11-14T22:25:19+00:00","twitter_card":"summary_large_image","schema":{"@context":"https:\/\/schema.org","@graph":[{"@type":"WebPage","@id":"https:\/\/world-bays.com\/web\/lassociation\/mission-et-valeurs\/","url":"https:\/\/world-bays.com\/web\/lassociation\/mission-et-valeurs\/","name":"Mission et valeurs","isPartOf":{"@id":"https:\/\/world-bays.com\/web\/#website"},"datePublished":"2023-10-12T01:44:40+00:00","dateModified":"2023-11-14T22:25:19+00:00","breadcrumb":{"@id":"https:\/\/world-bays.com\/web\/lassociation\/mission-et-valeurs\/#breadcrumb"},"inLanguage":"fr-FR","potentialAction":[{"@type":"ReadAction","target":["https:\/\/world-bays.com\/web\/lassociation\/mission-et-valeurs\/"]}]},{"@type":"BreadcrumbList","@id":"https:\/\/world-bays.com\/web\/lassociation\/mission-et-valeurs\/#breadcrumb","itemListElement":[{"@type":"ListItem","position":1,"name":"Home","item":"https:\/\/world-bays.com\/web\/"},{"@type":"ListItem","position":2,"name":"L&rsquo;association","item":"https:\/\/world-bays.com\/web\/lassociation\/"},{"@type":"ListItem","position":3,"name":"Mission et valeurs"}]},{"@type":"WebSite","@id":"https:\/\/world-bays.com\/web\/#website","url":"https:\/\/world-bays.com\/web\/","name":"Les Plus Belles Baies du Monde","description":"","publisher":{"@id":"https:\/\/world-bays.com\/web\/#organization"},"potentialAction":[{"@type":"SearchAction","target":{"@type":"EntryPoint","urlTemplate":"https:\/\/world-bays.com\/web\/?s={search_term_string}"},"query-input":"required name=search_term_string"}],"inLanguage":"fr-FR"},{"@type":"Organization","@id":"https:\/\/world-bays.com\/web\/#organization","name":"Les Plus Belles Baies du Monde","url":"https:\/\/world-bays.com\/web\/","logo":{"@type":"ImageObject","inLanguage":"fr-FR","@id":"https:\/\/world-bays.com\/web\/#\/schema\/logo\/image\/","url":"https:\/\/world-bays.com\/web\/app\/uploads\/2023\/11\/img_0149.png","contentUrl":"https:\/\/world-bays.com\/web\/app\/uploads\/2023\/11\/img_0149.png","width":174,"height":162,"caption":"Les Plus Belles Baies du Monde"},"image":{"@id":"https:\/\/world-bays.com\/web\/#\/schema\/logo\/image\/"}}]}},"_links":{"self":[{"href":"https:\/\/world-bays.com\/web\/wp-json\/wp\/v2\/pages\/844","targetHints":{"allow":["GET"]}}],"collection":[{"href":"https:\/\/world-bays.com\/web\/wp-json\/wp\/v2\/pages"}],"about":[{"href":"https:\/\/world-bays.com\/web\/wp-json\/wp\/v2\/types\/page"}],"author":[{"embeddable":true,"href":"https:\/\/world-bays.com\/web\/wp-json\/wp\/v2\/users\/4"}],"replies":[{"embeddable":true,"href":"https:\/\/world-bays.com\/web\/wp-json\/wp\/v2\/comments?post=844"}],"version-history":[{"count":37,"href":"https:\/\/world-bays.com\/web\/wp-json\/wp\/v2\/pages\/844\/revisions"}],"predecessor-version":[{"id":1654,"href":"https:\/\/world-bays.com\/web\/wp-json\/wp\/v2\/pages\/844\/revisions\/1654"}],"up":[{"embeddable":true,"href":"https:\/\/world-bays.com\/web\/wp-json\/wp\/v2\/pages\/11"}],"wp:attachment":[{"href":"https:\/\/world-bays.com\/web\/wp-json\/wp\/v2\/media?parent=844"}],"curies":[{"name":"wp","href":"https:\/\/api.w.org\/{rel}","templated":true}]}}