{"id":820,"date":"2023-10-11T20:40:46","date_gmt":"2023-10-12T00:40:46","guid":{"rendered":"https:\/\/world-bays.com\/?page_id=820"},"modified":"2023-11-14T10:20:55","modified_gmt":"2023-11-14T15:20:55","slug":"projets-et-partenariat","status":"publish","type":"page","link":"https:\/\/world-bays.com\/web\/lassociation\/projets-et-partenariat\/","title":{"rendered":"Projets et partenariat"},"content":{"rendered":"\n<div class=\"b-flex-content content-wave bg-blue\">\n    \n\t<div class=\"container\">\n\n                                    \n                    <div class=\"block-ic\">\n                                                    <div class=\"ic-left \">\n                                <img decoding=\"async\" src=\"https:\/\/world-bays.com\/web\/app\/uploads\/2023\/08\/golfe-du-morbihan-baie-de-quiberon-02.jpg\" alt=\"\">\n                            <\/div>\n                                                                            <div class=\"ic-right \">\n                                                                    <h3 class=\"h4\">Quels sont celles et ceux qui peuvent participer et financer des projets parrain\u00e9s par les plus belles baies du Monde ?<\/h3>\n                                \n                                                                    <div class=\"ic-text\">\n                                        <p>-Les Baies elles-m\u00eames.<\/p>\n<p>&#8211; Les organisations internationales sous l\u2019\u00e9gide des Nations Unies et les fondations vou\u00e9es au Tourisme et au d\u00e9veloppement durable.<\/p>\n<p>&#8211; Les Universit\u00e9s et les centres de recherches.<\/p>\n<p>&#8211; Les \u00a0fondations et les entreprises priv\u00e9es ayant une mission et des objectifs, compatibles avec le d\u00e9veloppement touristique, la Biodiversit\u00e9 et le d\u00e9veloppement durable.<\/p>\n                                    <\/div>\n                                \n                                \n                            <\/div>\n                                                <\/div>\n                    \n\n                                    \n\t<\/div>\n\n    <\/div>\n","protected":false},"excerpt":{"rendered":"","protected":false},"author":4,"featured_media":0,"parent":11,"menu_order":0,"comment_status":"closed","ping_status":"closed","template":"","meta":{"_acf_changed":false,"footnotes":""},"class_list":["post-820","page","type-page","status-publish","hentry"],"acf":[],"yoast_head":"<!-- This site is optimized with the Yoast SEO plugin v22.7 - https:\/\/yoast.com\/wordpress\/plugins\/seo\/ -->\n<title>Projets et partenariat<\/title>\n<meta name=\"robots\" content=\"index, follow, max-snippet:-1, max-image-preview:large, max-video-preview:-1\" \/>\n<link rel=\"canonical\" href=\"https:\/\/world-bays.com\/web\/lassociation\/projets-et-partenariat\/\" \/>\n<meta property=\"og:locale\" content=\"fr_FR\" \/>\n<meta property=\"og:type\" content=\"article\" \/>\n<meta property=\"og:title\" content=\"Projets et partenariat\" \/>\n<meta property=\"og:url\" content=\"https:\/\/world-bays.com\/web\/lassociation\/projets-et-partenariat\/\" \/>\n<meta property=\"og:site_name\" content=\"Les Plus Belles Baies du Monde\" \/>\n<meta property=\"article:modified_time\" content=\"2023-11-14T15:20:55+00:00\" \/>\n<meta name=\"twitter:card\" content=\"summary_large_image\" \/>\n<script type=\"application\/ld+json\" class=\"yoast-schema-graph\">{\"@context\":\"https:\/\/schema.org\",\"@graph\":[{\"@type\":\"WebPage\",\"@id\":\"https:\/\/world-bays.com\/web\/lassociation\/projets-et-partenariat\/\",\"url\":\"https:\/\/world-bays.com\/web\/lassociation\/projets-et-partenariat\/\",\"name\":\"Projets et partenariat\",\"isPartOf\":{\"@id\":\"https:\/\/world-bays.com\/web\/#website\"},\"datePublished\":\"2023-10-12T00:40:46+00:00\",\"dateModified\":\"2023-11-14T15:20:55+00:00\",\"breadcrumb\":{\"@id\":\"https:\/\/world-bays.com\/web\/lassociation\/projets-et-partenariat\/#breadcrumb\"},\"inLanguage\":\"fr-FR\",\"potentialAction\":[{\"@type\":\"ReadAction\",\"target\":[\"https:\/\/world-bays.com\/web\/lassociation\/projets-et-partenariat\/\"]}]},{\"@type\":\"BreadcrumbList\",\"@id\":\"https:\/\/world-bays.com\/web\/lassociation\/projets-et-partenariat\/#breadcrumb\",\"itemListElement\":[{\"@type\":\"ListItem\",\"position\":1,\"name\":\"Home\",\"item\":\"https:\/\/world-bays.com\/web\/\"},{\"@type\":\"ListItem\",\"position\":2,\"name\":\"L&rsquo;association\",\"item\":\"https:\/\/world-bays.com\/web\/lassociation\/\"},{\"@type\":\"ListItem\",\"position\":3,\"name\":\"Projets et partenariat\"}]},{\"@type\":\"WebSite\",\"@id\":\"https:\/\/world-bays.com\/web\/#website\",\"url\":\"https:\/\/world-bays.com\/web\/\",\"name\":\"Les Plus Belles Baies du Monde\",\"description\":\"\",\"publisher\":{\"@id\":\"https:\/\/world-bays.com\/web\/#organization\"},\"potentialAction\":[{\"@type\":\"SearchAction\",\"target\":{\"@type\":\"EntryPoint\",\"urlTemplate\":\"https:\/\/world-bays.com\/web\/?s={search_term_string}\"},\"query-input\":\"required name=search_term_string\"}],\"inLanguage\":\"fr-FR\"},{\"@type\":\"Organization\",\"@id\":\"https:\/\/world-bays.com\/web\/#organization\",\"name\":\"Les Plus Belles Baies du Monde\",\"url\":\"https:\/\/world-bays.com\/web\/\",\"logo\":{\"@type\":\"ImageObject\",\"inLanguage\":\"fr-FR\",\"@id\":\"https:\/\/world-bays.com\/web\/#\/schema\/logo\/image\/\",\"url\":\"https:\/\/world-bays.com\/web\/app\/uploads\/2023\/11\/img_0149.png\",\"contentUrl\":\"https:\/\/world-bays.com\/web\/app\/uploads\/2023\/11\/img_0149.png\",\"width\":174,\"height\":162,\"caption\":\"Les Plus Belles Baies du Monde\"},\"image\":{\"@id\":\"https:\/\/world-bays.com\/web\/#\/schema\/logo\/image\/\"}}]}<\/script>\n<!-- \/ Yoast SEO plugin. -->","yoast_head_json":{"title":"Projets et partenariat","robots":{"index":"index","follow":"follow","max-snippet":"max-snippet:-1","max-image-preview":"max-image-preview:large","max-video-preview":"max-video-preview:-1"},"canonical":"https:\/\/world-bays.com\/web\/lassociation\/projets-et-partenariat\/","og_locale":"fr_FR","og_type":"article","og_title":"Projets et partenariat","og_url":"https:\/\/world-bays.com\/web\/lassociation\/projets-et-partenariat\/","og_site_name":"Les Plus Belles Baies du Monde","article_modified_time":"2023-11-14T15:20:55+00:00","twitter_card":"summary_large_image","schema":{"@context":"https:\/\/schema.org","@graph":[{"@type":"WebPage","@id":"https:\/\/world-bays.com\/web\/lassociation\/projets-et-partenariat\/","url":"https:\/\/world-bays.com\/web\/lassociation\/projets-et-partenariat\/","name":"Projets et partenariat","isPartOf":{"@id":"https:\/\/world-bays.com\/web\/#website"},"datePublished":"2023-10-12T00:40:46+00:00","dateModified":"2023-11-14T15:20:55+00:00","breadcrumb":{"@id":"https:\/\/world-bays.com\/web\/lassociation\/projets-et-partenariat\/#breadcrumb"},"inLanguage":"fr-FR","potentialAction":[{"@type":"ReadAction","target":["https:\/\/world-bays.com\/web\/lassociation\/projets-et-partenariat\/"]}]},{"@type":"BreadcrumbList","@id":"https:\/\/world-bays.com\/web\/lassociation\/projets-et-partenariat\/#breadcrumb","itemListElement":[{"@type":"ListItem","position":1,"name":"Home","item":"https:\/\/world-bays.com\/web\/"},{"@type":"ListItem","position":2,"name":"L&rsquo;association","item":"https:\/\/world-bays.com\/web\/lassociation\/"},{"@type":"ListItem","position":3,"name":"Projets et partenariat"}]},{"@type":"WebSite","@id":"https:\/\/world-bays.com\/web\/#website","url":"https:\/\/world-bays.com\/web\/","name":"Les Plus Belles Baies du Monde","description":"","publisher":{"@id":"https:\/\/world-bays.com\/web\/#organization"},"potentialAction":[{"@type":"SearchAction","target":{"@type":"EntryPoint","urlTemplate":"https:\/\/world-bays.com\/web\/?s={search_term_string}"},"query-input":"required name=search_term_string"}],"inLanguage":"fr-FR"},{"@type":"Organization","@id":"https:\/\/world-bays.com\/web\/#organization","name":"Les Plus Belles Baies du Monde","url":"https:\/\/world-bays.com\/web\/","logo":{"@type":"ImageObject","inLanguage":"fr-FR","@id":"https:\/\/world-bays.com\/web\/#\/schema\/logo\/image\/","url":"https:\/\/world-bays.com\/web\/app\/uploads\/2023\/11\/img_0149.png","contentUrl":"https:\/\/world-bays.com\/web\/app\/uploads\/2023\/11\/img_0149.png","width":174,"height":162,"caption":"Les Plus Belles Baies du Monde"},"image":{"@id":"https:\/\/world-bays.com\/web\/#\/schema\/logo\/image\/"}}]}},"_links":{"self":[{"href":"https:\/\/world-bays.com\/web\/wp-json\/wp\/v2\/pages\/820","targetHints":{"allow":["GET"]}}],"collection":[{"href":"https:\/\/world-bays.com\/web\/wp-json\/wp\/v2\/pages"}],"about":[{"href":"https:\/\/world-bays.com\/web\/wp-json\/wp\/v2\/types\/page"}],"author":[{"embeddable":true,"href":"https:\/\/world-bays.com\/web\/wp-json\/wp\/v2\/users\/4"}],"replies":[{"embeddable":true,"href":"https:\/\/world-bays.com\/web\/wp-json\/wp\/v2\/comments?post=820"}],"version-history":[{"count":13,"href":"https:\/\/world-bays.com\/web\/wp-json\/wp\/v2\/pages\/820\/revisions"}],"predecessor-version":[{"id":1518,"href":"https:\/\/world-bays.com\/web\/wp-json\/wp\/v2\/pages\/820\/revisions\/1518"}],"up":[{"embeddable":true,"href":"https:\/\/world-bays.com\/web\/wp-json\/wp\/v2\/pages\/11"}],"wp:attachment":[{"href":"https:\/\/world-bays.com\/web\/wp-json\/wp\/v2\/media?parent=820"}],"curies":[{"name":"wp","href":"https:\/\/api.w.org\/{rel}","templated":true}]}}