{"id":350,"date":"2023-08-27T23:16:19","date_gmt":"2023-08-28T03:16:19","guid":{"rendered":"https:\/\/world-bays.com\/?page_id=350"},"modified":"2025-11-12T20:10:01","modified_gmt":"2025-11-13T01:10:01","slug":"qui-sommes-nous","status":"publish","type":"page","link":"https:\/\/world-bays.com\/web\/lassociation\/qui-sommes-nous\/","title":{"rendered":"Qui sommes-nous et historique de l&rsquo;association"},"content":{"rendered":"\n<div class=\"b-flex-content content-wave bg-blue\">\n    \n\t<div class=\"container\">\n\n                                    \n                                            <div class=\"block-content\">\n                            <div class=\"content-left\">\n                                                                    <h3 class=\"type-slim\">Historique de l&rsquo;association<\/h3>\n                                                            <\/div>\n                            <div class=\"content-right\"><\/div>\n                            <div class=\"content-left\"><\/div>\n                            <div class=\"content-right\">\n                                <p class=\"s4\">Sur la suggestion d&rsquo;un breton, Mr Jean Manquat pour un rapprochement entre la Baie d&rsquo;Halong et Le Golfe du Morbihan, est n\u00e9e l&rsquo;association \u00ab\u00a0Les Plus Belles Baies du Monde\u00a0\u00bb au Salon du tourisme de Berlin en Mars 1997, gr\u00e2ce \u00e0 ses trois fondateurs; Michel Met, Herv\u00e9 Laigo et Bruno Bodard.<\/p>\n<p class=\"s4\"><span class=\"s3\">Entre 1998 et 2003, plusieurs Baies se sont unies, pour b\u00e2tir ensemble, ce que l\u2019association est aujourd\u2019hui, une organisation internationale vou\u00e9e au tourisme et au d\u00e9veloppement durable.<\/span><\/p>\n<p class=\"s4\"><span class=\"s3\">Les Baies fondatrices sont : Golfe du Morbihan \u2013 Baie d\u2019Along \u2013 Baie de Sommes \u2013 Baie de Tadoussac \u2013 Baie de Bodrum <\/span><span class=\"s3\">\u2013 <\/span><span class=\"s3\">Baie<\/span><span class=\"s3\"> d\u2019Agadir<\/span><span class=\"s3\">\u2013 Baie de <\/span><span class=\"s3\">Bantry<\/span><span class=\"s3\"> \u2013 Baie de Porto <\/span><span class=\"s3\">Girolata<\/span><span class=\"s3\"> \u2013 Baie du Mont Saint Michel \u2013 Baie de San Francisco.<\/span><\/p>\n<p class=\"s4\"><span class=\"s3\">L\u2019<\/span><span class=\"s3\">association<\/span><span class=\"s3\"> des Plus Belles Baies du Monde, <\/span><span class=\"s3\">25 ans plus tard, regroupe 42 baies en provenance d\u2019Europe, d\u2019Asie, d\u2019Afrique, et des Am\u00e9riques.<\/span><\/p>\n                            <\/div>\n                        <\/div>\n                    \n                    \n                                    \n\t<\/div>\n\n            <div class=\"wave-bottom\">\n            <svg viewBox=\"0 0 1440 32\"><use xlink:href=\"#wave\" \/><\/svg>\n        <\/div>\n    <\/div>\n\n\n\n<div class=\"b-flex-content content-wave bg-white\">\n    \n\t<div class=\"container\">\n\n                                    \n                                            <div class=\"block-content\">\n                            <div class=\"content-left\">\n                                                                    <h3 class=\"type-slim\">Les pr\u00e9sidents dans l&rsquo;histoire<\/h3>\n                                                            <\/div>\n                            <div class=\"content-right\"><\/div>\n                            <div class=\"content-left\"><\/div>\n                            <div class=\"content-right\">\n                                <p>World\u2019s Most Beautiful Bays \u2013 Board of Directors (2025\u20132028)<br \/>\nElected Members<br \/>\n\u25cf President: Bruno Bodard<br \/>\n\u25cf President Elect: Omar Achy &#8211; In charge of communications.<br \/>\n\u25cf Secretary General: Issa Barro<br \/>\n\u25cf Deputy Secretary General: Rachel Arseneau-Ferguson<br \/>\n\u25cf Treasurer: Lionel Pariset<br \/>\n\u25cf Deputy Treasurer: Cathy Caselatto<br \/>\n\u25cf VP Europe: Michel Zanettacci \u2014 MBBW Correspondent to MAB<br \/>\n\u25cf VP Europe Delegate: Marien Daumas \u2014 Youth Commission Manager<br \/>\n\u25cf VP Asia: Xiu Jianhua \u2014 Chair, \u201cScience and Culture\u201d Commission<br \/>\n\u25cf Deputy VP Asia: Gloria Yoon<br \/>\n\u25cf VP Americas: Guy Rousset<br \/>\n\u25cf Deputy VP Americas: Louis Molinie<br \/>\n\u25cf VP Africa: Abdoulaye Sene<br \/>\n\u25cf Deputy VP Africa: Henrique de Magalh\u00e3es \u2014 Head of MBBW University Project (Luanda<br \/>\n&amp;amp; Lusophony Countries)<br \/>\nEx Officio Member<br \/>\n\u25cf Past President: Louis Th\u00e9bault<br \/>\nAppointed by the General Assembly<br \/>\n\u25cf CEO: Huynh Pham<br \/>\n\u25cf Chief Special Advisor: Galip G\u00fcr<br \/>\nAppointed by the President<br \/>\n\u25cf Chumno Chuk: Personal Advisor to the President<br \/>\n\u25cf Anna Lison: Marketing Manager<br \/>\n\u25cf Mohamed Cherif: MBBW Ambassador for Peace<br \/>\n\u25cf Patrick Mah\u00e9: Publishing Manager<br \/>\n\u25cf David Goncalves: Head of the Tourism Commission<br \/>\n\u25cf Koichi Takakuwa: Sustainability and Nautical Advisor<br \/>\n\u25cf Kang Byung Suk: MBBW Representative for the Yeosu Island Exhibition 2026<br \/>\n\u25cf Corinne Massoni: International Projects Manager &amp;amp; MBBW Representative to UNESCO<\/p>\n<p>\u25cf Hubert d\u2019Aboville: Correspondent for Local Environmental Organisations and Natural<br \/>\nParks<br \/>\n\u25cf Fran\u00e7oise Couriaut: Private Secretary to the President &amp;amp; Head of Headquarters<\/p>\n<p class=\"s4\">\n                            <\/div>\n                        <\/div>\n                    \n                    \n                                    \n\t<\/div>\n\n            <div class=\"wave-bottom\">\n            <svg viewBox=\"0 0 1440 32\"><use xlink:href=\"#wave\" \/><\/svg>\n        <\/div>\n    <\/div>\n\n\n\n<div class=\"b-banner-content\" style=\"background-image:url(https:\/\/world-bays.com\/web\/app\/uploads\/2023\/11\/img_0146.jpeg);\">\n\t<div class=\"container\">\n\t\t\n        <div class=\"block-content\">\n                        \n                        \n        <\/div>\n\t<\/div>\n\n            <div class=\"birds\">\n            <div id=\"bird1\">\n                <svg viewBox=\"0 0 92.783 52.85\"><use xlink:href=\"#bird-1\" \/><\/svg>\n            <\/div>\n            <div id=\"bird2\">\n                <svg viewBox=\"0 0 64.661 23.733\"><use xlink:href=\"#bird-2\" \/><\/svg>\n            <\/div>\n        <\/div>\n    <\/div>\n","protected":false},"excerpt":{"rendered":"","protected":false},"author":4,"featured_media":0,"parent":11,"menu_order":0,"comment_status":"closed","ping_status":"closed","template":"","meta":{"_acf_changed":false,"footnotes":""},"class_list":["post-350","page","type-page","status-publish","hentry"],"acf":[],"yoast_head":"<!-- This site is optimized with the Yoast SEO plugin v22.7 - https:\/\/yoast.com\/wordpress\/plugins\/seo\/ -->\n<title>Qui sommes-nous et historique de l&#039;association<\/title>\n<meta name=\"robots\" content=\"index, follow, max-snippet:-1, max-image-preview:large, max-video-preview:-1\" \/>\n<link rel=\"canonical\" href=\"https:\/\/world-bays.com\/web\/lassociation\/qui-sommes-nous\/\" \/>\n<meta property=\"og:locale\" content=\"fr_FR\" \/>\n<meta property=\"og:type\" content=\"article\" \/>\n<meta property=\"og:title\" content=\"Qui sommes-nous et historique de l&#039;association\" \/>\n<meta property=\"og:url\" content=\"https:\/\/world-bays.com\/web\/lassociation\/qui-sommes-nous\/\" \/>\n<meta property=\"og:site_name\" content=\"Les Plus Belles Baies du Monde\" \/>\n<meta property=\"article:modified_time\" content=\"2025-11-13T01:10:01+00:00\" \/>\n<meta name=\"twitter:card\" content=\"summary_large_image\" \/>\n<script type=\"application\/ld+json\" class=\"yoast-schema-graph\">{\"@context\":\"https:\/\/schema.org\",\"@graph\":[{\"@type\":\"WebPage\",\"@id\":\"https:\/\/world-bays.com\/web\/lassociation\/qui-sommes-nous\/\",\"url\":\"https:\/\/world-bays.com\/web\/lassociation\/qui-sommes-nous\/\",\"name\":\"Qui sommes-nous et historique de l'association\",\"isPartOf\":{\"@id\":\"https:\/\/world-bays.com\/web\/#website\"},\"datePublished\":\"2023-08-28T03:16:19+00:00\",\"dateModified\":\"2025-11-13T01:10:01+00:00\",\"breadcrumb\":{\"@id\":\"https:\/\/world-bays.com\/web\/lassociation\/qui-sommes-nous\/#breadcrumb\"},\"inLanguage\":\"fr-FR\",\"potentialAction\":[{\"@type\":\"ReadAction\",\"target\":[\"https:\/\/world-bays.com\/web\/lassociation\/qui-sommes-nous\/\"]}]},{\"@type\":\"BreadcrumbList\",\"@id\":\"https:\/\/world-bays.com\/web\/lassociation\/qui-sommes-nous\/#breadcrumb\",\"itemListElement\":[{\"@type\":\"ListItem\",\"position\":1,\"name\":\"Home\",\"item\":\"https:\/\/world-bays.com\/web\/\"},{\"@type\":\"ListItem\",\"position\":2,\"name\":\"L&rsquo;association\",\"item\":\"https:\/\/world-bays.com\/web\/lassociation\/\"},{\"@type\":\"ListItem\",\"position\":3,\"name\":\"Qui sommes-nous et historique de l&rsquo;association\"}]},{\"@type\":\"WebSite\",\"@id\":\"https:\/\/world-bays.com\/web\/#website\",\"url\":\"https:\/\/world-bays.com\/web\/\",\"name\":\"Les Plus Belles Baies du Monde\",\"description\":\"\",\"publisher\":{\"@id\":\"https:\/\/world-bays.com\/web\/#organization\"},\"potentialAction\":[{\"@type\":\"SearchAction\",\"target\":{\"@type\":\"EntryPoint\",\"urlTemplate\":\"https:\/\/world-bays.com\/web\/?s={search_term_string}\"},\"query-input\":\"required name=search_term_string\"}],\"inLanguage\":\"fr-FR\"},{\"@type\":\"Organization\",\"@id\":\"https:\/\/world-bays.com\/web\/#organization\",\"name\":\"Les Plus Belles Baies du Monde\",\"url\":\"https:\/\/world-bays.com\/web\/\",\"logo\":{\"@type\":\"ImageObject\",\"inLanguage\":\"fr-FR\",\"@id\":\"https:\/\/world-bays.com\/web\/#\/schema\/logo\/image\/\",\"url\":\"https:\/\/world-bays.com\/web\/app\/uploads\/2023\/11\/img_0149.png\",\"contentUrl\":\"https:\/\/world-bays.com\/web\/app\/uploads\/2023\/11\/img_0149.png\",\"width\":174,\"height\":162,\"caption\":\"Les Plus Belles Baies du Monde\"},\"image\":{\"@id\":\"https:\/\/world-bays.com\/web\/#\/schema\/logo\/image\/\"}}]}<\/script>\n<!-- \/ Yoast SEO plugin. -->","yoast_head_json":{"title":"Qui sommes-nous et historique de l'association","robots":{"index":"index","follow":"follow","max-snippet":"max-snippet:-1","max-image-preview":"max-image-preview:large","max-video-preview":"max-video-preview:-1"},"canonical":"https:\/\/world-bays.com\/web\/lassociation\/qui-sommes-nous\/","og_locale":"fr_FR","og_type":"article","og_title":"Qui sommes-nous et historique de l'association","og_url":"https:\/\/world-bays.com\/web\/lassociation\/qui-sommes-nous\/","og_site_name":"Les Plus Belles Baies du Monde","article_modified_time":"2025-11-13T01:10:01+00:00","twitter_card":"summary_large_image","schema":{"@context":"https:\/\/schema.org","@graph":[{"@type":"WebPage","@id":"https:\/\/world-bays.com\/web\/lassociation\/qui-sommes-nous\/","url":"https:\/\/world-bays.com\/web\/lassociation\/qui-sommes-nous\/","name":"Qui sommes-nous et historique de l'association","isPartOf":{"@id":"https:\/\/world-bays.com\/web\/#website"},"datePublished":"2023-08-28T03:16:19+00:00","dateModified":"2025-11-13T01:10:01+00:00","breadcrumb":{"@id":"https:\/\/world-bays.com\/web\/lassociation\/qui-sommes-nous\/#breadcrumb"},"inLanguage":"fr-FR","potentialAction":[{"@type":"ReadAction","target":["https:\/\/world-bays.com\/web\/lassociation\/qui-sommes-nous\/"]}]},{"@type":"BreadcrumbList","@id":"https:\/\/world-bays.com\/web\/lassociation\/qui-sommes-nous\/#breadcrumb","itemListElement":[{"@type":"ListItem","position":1,"name":"Home","item":"https:\/\/world-bays.com\/web\/"},{"@type":"ListItem","position":2,"name":"L&rsquo;association","item":"https:\/\/world-bays.com\/web\/lassociation\/"},{"@type":"ListItem","position":3,"name":"Qui sommes-nous et historique de l&rsquo;association"}]},{"@type":"WebSite","@id":"https:\/\/world-bays.com\/web\/#website","url":"https:\/\/world-bays.com\/web\/","name":"Les Plus Belles Baies du Monde","description":"","publisher":{"@id":"https:\/\/world-bays.com\/web\/#organization"},"potentialAction":[{"@type":"SearchAction","target":{"@type":"EntryPoint","urlTemplate":"https:\/\/world-bays.com\/web\/?s={search_term_string}"},"query-input":"required name=search_term_string"}],"inLanguage":"fr-FR"},{"@type":"Organization","@id":"https:\/\/world-bays.com\/web\/#organization","name":"Les Plus Belles Baies du Monde","url":"https:\/\/world-bays.com\/web\/","logo":{"@type":"ImageObject","inLanguage":"fr-FR","@id":"https:\/\/world-bays.com\/web\/#\/schema\/logo\/image\/","url":"https:\/\/world-bays.com\/web\/app\/uploads\/2023\/11\/img_0149.png","contentUrl":"https:\/\/world-bays.com\/web\/app\/uploads\/2023\/11\/img_0149.png","width":174,"height":162,"caption":"Les Plus Belles Baies du Monde"},"image":{"@id":"https:\/\/world-bays.com\/web\/#\/schema\/logo\/image\/"}}]}},"_links":{"self":[{"href":"https:\/\/world-bays.com\/web\/wp-json\/wp\/v2\/pages\/350","targetHints":{"allow":["GET"]}}],"collection":[{"href":"https:\/\/world-bays.com\/web\/wp-json\/wp\/v2\/pages"}],"about":[{"href":"https:\/\/world-bays.com\/web\/wp-json\/wp\/v2\/types\/page"}],"author":[{"embeddable":true,"href":"https:\/\/world-bays.com\/web\/wp-json\/wp\/v2\/users\/4"}],"replies":[{"embeddable":true,"href":"https:\/\/world-bays.com\/web\/wp-json\/wp\/v2\/comments?post=350"}],"version-history":[{"count":87,"href":"https:\/\/world-bays.com\/web\/wp-json\/wp\/v2\/pages\/350\/revisions"}],"predecessor-version":[{"id":2274,"href":"https:\/\/world-bays.com\/web\/wp-json\/wp\/v2\/pages\/350\/revisions\/2274"}],"up":[{"embeddable":true,"href":"https:\/\/world-bays.com\/web\/wp-json\/wp\/v2\/pages\/11"}],"wp:attachment":[{"href":"https:\/\/world-bays.com\/web\/wp-json\/wp\/v2\/media?parent=350"}],"curies":[{"name":"wp","href":"https:\/\/api.w.org\/{rel}","templated":true}]}}