{"id":2138,"date":"2025-05-13T14:22:22","date_gmt":"2025-05-13T18:22:22","guid":{"rendered":"https:\/\/world-bays.com\/web\/?page_id=2138"},"modified":"2025-09-11T16:17:39","modified_gmt":"2025-09-11T20:17:39","slug":"congres-canada-2025","status":"publish","type":"page","link":"https:\/\/world-bays.com\/web\/nos-congres\/congres-canada-2025\/","title":{"rendered":"Congr\u00e8s 2025 au Canada"},"content":{"rendered":"\n<p><\/p>\n\n\n\n<p><\/p>\n\n\n\n<div class=\"b-content-two-col content-wave \">\n    \n\t<div class=\"container\">\n        <div class=\"content\">\n            <div class=\"content-left\">\n                            <\/div>\n            <div class=\"content-right\">\n                \n            <\/div>\n            <div class=\"content-left\">\n                                    <h3 class=\"h1\">Congr\u00e9s 2025 <\/h3>\n                \n                \n            <\/div>\n            <div class=\"content-right\">\n                                    <div class=\"content-text\">\n                        <p><em><strong>Communiqu\u00e9 de presse<\/strong><\/em><\/p>\n<p><em><strong>Congr\u00e8s des Plus belles Baies du Monde Canada 2025<\/strong><\/em><\/p>\n<p><em>Activit\u00e9s du 22 septembre 2025 : \u00ab Investissons dans l\u2019avenir de nos Baies<\/em><\/p>\n<p><em>remarquables, pour mieux les pr\u00e9server \u00bb<\/em><\/p>\n<p><em>Sous le th\u00e8me de \u00ab La Grande Alliance \u00bb, un clin d\u2019\u0153il historique au premier trait\u00e9<\/em><br \/>\n<em>d\u2019alliance sign\u00e9 en 1603 entre les Premi\u00e8res Nations et les repr\u00e9sentants du Roi de<\/em><br \/>\n<em>France, le Congr\u00e8s des Plus belles Baies du Monde Canada 2025 mettra de l\u2019avant le<\/em><br \/>\n<em>tourisme et la protection des baies magnifiques qui jalonnent notre plan\u00e8te.<\/em><br \/>\n<em>Gr\u00e2ce au soutien de D\u00e9veloppement \u00e9conomique Canada pour les r\u00e9gions du Qu\u00e9bec<\/em><br \/>\n<em>(DEC), cet \u00e9v\u00e9nement pourra se tenir \u00e0 Tadoussac, contribuant \u00e0 faire rayonner sa baie<\/em><br \/>\n<em>comme destination internationale tout en favorisant un tourisme durable. En<\/em><br \/>\n<em>reconnaissance de cette contribution d\u00e9terminante, la journ\u00e9e du 22 septembre sera<\/em><br \/>\n<em>d\u00e9di\u00e9e \u00e0 DEC, sous le th\u00e8me : \u00ab Investissons dans l\u2019avenir de nos Baies remarquables,<\/em><br \/>\n<em>pour mieux les pr\u00e9server. \u00bb<\/em><br \/>\n<em>\u00ab Notre gouvernement a pris des engagements concrets pour d\u00e9montrer<\/em><br \/>\n<em>qu\u2019une \u00e9conomie forte et un environnement sain vont de pair. C\u2019est pourquoi<\/em><br \/>\n<em>nous apportons notre soutien afin de d\u00e9velopper les atouts propres aux dif \u00e9rentes<\/em><br \/>\n<em>r\u00e9gions du Qu\u00e9bec, comme ici, \u00e0 Tadoussac. La contribution de 90 000 $ du<\/em><br \/>\n<em>gouvernement du Canada \u00e0 l\u2019Association des Plus Belles Baies du Monde pour<\/em><br \/>\n<em>l\u2019organisation du Congr\u00e8s 2025 t\u00e9moigne de notre volont\u00e9 de promouvoir le<\/em><br \/>\n<em>d\u00e9veloppement \u00e9conomique et de faire du Canada une destination touristique de choix.<\/em><br \/>\n<em>F\u00e9licitations au comit\u00e9 organisateur! \u00bb<\/em><br \/>\n<em>L\u2019honorable M\u00e9lanie Joly, d\u00e9put\u00e9e d\u2019Ahuntsic-Cartierville, ministre de l\u2019Industrie et<\/em><br \/>\n<em>ministre responsable de DEC<\/em><\/p>\n<p><em>\u00ab Investissons dans l\u2019avenir de nos Baies remarquables,<\/em><br \/>\n<em>pour mieux les pr\u00e9server \u00bb<\/em><\/p>\n<p><em>150 d\u00e9l\u00e9gu\u00e9s repr\u00e9sentant 45 baies magnifiques venant de 23 pays sur 4 continents<\/em><br \/>\n<em>seront pr\u00e9sents au congr\u00e8s et participeront aux activit\u00e9s du 22 septembre 2025.<\/em><br \/>\n<em>Les \u00e9changes, les ateliers, les conf\u00e9rences et les visites se feront essentiellement sur ce<\/em><br \/>\n<em>th\u00e8me, avec comme fil conducteur :<\/em><br \/>\n<em>\u00ab Comment concilier d\u00e9veloppement touristique et pr\u00e9server de la Biodiversit\u00e9 des<\/em><\/p>\n<p><em>\u00c9cosyst\u00e8mes ? \u00bb<\/em><\/p>\n<p><em>Les scientifiques, les entrepreneurs, les acteurs du tourisme, et les \u00e9lus \u00e9changeront<\/em><br \/>\n<em>ensemble, cr\u00e9eront des maillages et des opportunit\u00e9s de partenariat international.<\/em><br \/>\n<em>La journ\u00e9e se cl\u00f4turera par le souper des dignitaires, ministres, maires, d\u00e9put\u00e9s,<\/em><br \/>\n<em>conseill\u00e9s, mais aussi les organismes comme le Groupe de Recherche sur les<\/em><br \/>\n<em>Mammif\u00e8res Marins, le GREMM, qui a contribu\u00e9 \u00e0 la r\u00e9ussite du congr\u00e8s.<\/em><br \/>\n<em>Nous voulions que ce congr\u00e8s des Plus Belles Baies du Monde permette aux m\u00e9dias<\/em><br \/>\n<em>sp\u00e9cialis\u00e9s dans le voyage ou ayant des chroniqueurs Tourisme et Aventures participent<\/em><br \/>\n<em>\u00e0 notre congr\u00e8s, et ainsi se faire les ambassadeurs de la destination, et du Qu\u00e9bec en<\/em><br \/>\n<em>g\u00e9n\u00e9ral, et ainsi permettre de stimuler le Tourisme international.<\/em><br \/>\n<em>Gr\u00e2ce \u00e0 ce partenariat, des magazines aussi prestigieux, que Paris-Match, Le Figaro,<\/em><br \/>\n<em>Ouest France (600 000 lecteurs chaque jour, le plus grand tirage en France et dans le<\/em><br \/>\n<em>Monde francophone), la t\u00e9l\u00e9vision d\u2019\u00e9tat Fran\u00e7aise FR3 Corse M\u00e9diterran\u00e9e, en<\/em><br \/>\n<em>collaboration avec TV5 Monde, et de nombreux M\u00e9dias d\u2019Asie, d\u2019Europe et d\u2019Afrique.<\/em><br \/>\n<em>Bien s\u00fbr les M\u00e9dias francophones Canadiens, Radio Canada, TVA (CIMT)&#8230;<\/em><br \/>\n<em>Ce projet n\u2019aurait pas pu se r\u00e9aliser, sans le partenariat de D\u00e9veloppement \u00c9conomique<\/em><br \/>\n<em>Canada pour les r\u00e9gions du Qu\u00e9bec. Nous remercions tout particuli\u00e8rement l\u2019\u00e9quipe de<\/em><br \/>\n<em>la C\u00f4te-Nord de DEC pour son appui.<\/em><\/p>\n                    <\/div>\n                                \n                            <\/div>\n        <\/div>\n\t<\/div>\n\n    <\/div>\n\n\n\n<div class=\"b-content-two-col content-wave bg-blue\">\n    \n\t<div class=\"container\">\n        <div class=\"content\">\n            <div class=\"content-left\">\n                            <\/div>\n            <div class=\"content-right\">\n                \n            <\/div>\n            <div class=\"content-left\">\n                                    <h3 class=\"h1\">Baie de Tadoussac | Baie des Chaleurs<\/h3>\n                \n                \n            <\/div>\n            <div class=\"content-right\">\n                                    <div class=\"content-text\">\n                        <p><span class=\"s3\">Le congr\u00e8s des plus Belles Baies du Monde est un rendez-vous annuel des membres. Traditionnellement re\u00e7us g\u00e9n\u00e9reusement par la Baie H\u00f4tesse, c\u2019est l\u2019occasion pour les d\u00e9l\u00e9gations de chaque baie, d\u2019\u00e9changer avec les autres, de visiter la baie h\u00f4tesse, de partager des projets, d\u2019exprimer son opinion, d\u2019exercer son droit de vote, \u00e0 l\u2019occasion de l\u2019assembl\u00e9e g\u00e9n\u00e9rale annuelle. Cette ann\u00e9e, nous avons eu le privil\u00e8ge et l\u2019honneur d\u2019\u00eatre re\u00e7us dans la Baie de Tadoussac et la Baie des Chaleurs.<\/span><\/p>\n<p>Le lien vers la programmation et guide du participant du congr\u00e8s : bit.ly\/worldbays2025<\/p>\n<p>The World&rsquo;s Most Beautiful Bays Congress is an annual gathering of members. Traditionally generously hosted by the Host Bay, it provides an opportunity for delegations from each bay to network, visit the host bay, share projects, express their opinions, and exercise their right to vote at the annual general meeting. This year, we had the privilege and honor of being hosted in Tadoussac Bay and Chaleur Bay.<\/p>\n<p>Link to the congress program and participant guide : bit.ly\/worldbays2025<\/p>\n                    <\/div>\n                                \n                            <\/div>\n        <\/div>\n\t<\/div>\n\n    <\/div>\n\n\n\n<div class=\"b-box-img-content content-wave \">\n    \n\t<div class=\"container\">\n\n        \n\n        \n\t<\/div>\n\n    <\/div>\n\n\n\n<div class=\"b-box-img-content content-wave \">\n    \n\t<div class=\"container\">\n\n        \n\n        \n\t<\/div>\n\n    <\/div>\n\n\n\n<div class=\"b-box-img-content content-wave \">\n    \n\t<div class=\"container\">\n\n        \n\n        \n\t<\/div>\n\n    <\/div>\n\n\n\n<div class=\"b-box-img-content content-wave \">\n    \n\t<div class=\"container\">\n\n        \n\n        \n\t<\/div>\n\n    <\/div>\n\n\n\n<p class=\"has-black-color has-text-color has-link-color has-large-font-size wp-elements-78423e7125e1a4ed7c96ffbd7d843255\"><\/p>\n\n\n\n<p><\/p>\n\n\n\n<p><\/p>\n","protected":false},"excerpt":{"rendered":"","protected":false},"author":4,"featured_media":0,"parent":1353,"menu_order":0,"comment_status":"closed","ping_status":"closed","template":"","meta":{"_acf_changed":false,"footnotes":""},"class_list":["post-2138","page","type-page","status-publish","hentry"],"acf":[],"yoast_head":"<!-- This site is optimized with the Yoast SEO plugin v22.7 - https:\/\/yoast.com\/wordpress\/plugins\/seo\/ -->\n<title>Congr\u00e8s 2025 au Canada<\/title>\n<meta name=\"robots\" content=\"index, follow, max-snippet:-1, max-image-preview:large, max-video-preview:-1\" \/>\n<link rel=\"canonical\" href=\"https:\/\/world-bays.com\/web\/nos-congres\/congres-canada-2025\/\" \/>\n<meta property=\"og:locale\" content=\"fr_FR\" \/>\n<meta property=\"og:type\" content=\"article\" \/>\n<meta property=\"og:title\" content=\"Congr\u00e8s 2025 au Canada\" \/>\n<meta property=\"og:url\" content=\"https:\/\/world-bays.com\/web\/nos-congres\/congres-canada-2025\/\" \/>\n<meta property=\"og:site_name\" content=\"Les Plus Belles Baies du Monde\" \/>\n<meta property=\"article:modified_time\" content=\"2025-09-11T20:17:39+00:00\" \/>\n<meta name=\"twitter:card\" content=\"summary_large_image\" \/>\n<script type=\"application\/ld+json\" class=\"yoast-schema-graph\">{\"@context\":\"https:\/\/schema.org\",\"@graph\":[{\"@type\":\"WebPage\",\"@id\":\"https:\/\/world-bays.com\/web\/nos-congres\/congres-canada-2025\/\",\"url\":\"https:\/\/world-bays.com\/web\/nos-congres\/congres-canada-2025\/\",\"name\":\"Congr\u00e8s 2025 au Canada\",\"isPartOf\":{\"@id\":\"https:\/\/world-bays.com\/web\/#website\"},\"datePublished\":\"2025-05-13T18:22:22+00:00\",\"dateModified\":\"2025-09-11T20:17:39+00:00\",\"breadcrumb\":{\"@id\":\"https:\/\/world-bays.com\/web\/nos-congres\/congres-canada-2025\/#breadcrumb\"},\"inLanguage\":\"fr-FR\",\"potentialAction\":[{\"@type\":\"ReadAction\",\"target\":[\"https:\/\/world-bays.com\/web\/nos-congres\/congres-canada-2025\/\"]}]},{\"@type\":\"BreadcrumbList\",\"@id\":\"https:\/\/world-bays.com\/web\/nos-congres\/congres-canada-2025\/#breadcrumb\",\"itemListElement\":[{\"@type\":\"ListItem\",\"position\":1,\"name\":\"Home\",\"item\":\"https:\/\/world-bays.com\/web\/\"},{\"@type\":\"ListItem\",\"position\":2,\"name\":\"Nos congr\u00e8s\",\"item\":\"https:\/\/world-bays.com\/web\/nos-congres\/\"},{\"@type\":\"ListItem\",\"position\":3,\"name\":\"Congr\u00e8s 2025 au Canada\"}]},{\"@type\":\"WebSite\",\"@id\":\"https:\/\/world-bays.com\/web\/#website\",\"url\":\"https:\/\/world-bays.com\/web\/\",\"name\":\"Les Plus Belles Baies du Monde\",\"description\":\"\",\"publisher\":{\"@id\":\"https:\/\/world-bays.com\/web\/#organization\"},\"potentialAction\":[{\"@type\":\"SearchAction\",\"target\":{\"@type\":\"EntryPoint\",\"urlTemplate\":\"https:\/\/world-bays.com\/web\/?s={search_term_string}\"},\"query-input\":\"required name=search_term_string\"}],\"inLanguage\":\"fr-FR\"},{\"@type\":\"Organization\",\"@id\":\"https:\/\/world-bays.com\/web\/#organization\",\"name\":\"Les Plus Belles Baies du Monde\",\"url\":\"https:\/\/world-bays.com\/web\/\",\"logo\":{\"@type\":\"ImageObject\",\"inLanguage\":\"fr-FR\",\"@id\":\"https:\/\/world-bays.com\/web\/#\/schema\/logo\/image\/\",\"url\":\"https:\/\/world-bays.com\/web\/app\/uploads\/2023\/11\/img_0149.png\",\"contentUrl\":\"https:\/\/world-bays.com\/web\/app\/uploads\/2023\/11\/img_0149.png\",\"width\":174,\"height\":162,\"caption\":\"Les Plus Belles Baies du Monde\"},\"image\":{\"@id\":\"https:\/\/world-bays.com\/web\/#\/schema\/logo\/image\/\"}}]}<\/script>\n<!-- \/ Yoast SEO plugin. -->","yoast_head_json":{"title":"Congr\u00e8s 2025 au Canada","robots":{"index":"index","follow":"follow","max-snippet":"max-snippet:-1","max-image-preview":"max-image-preview:large","max-video-preview":"max-video-preview:-1"},"canonical":"https:\/\/world-bays.com\/web\/nos-congres\/congres-canada-2025\/","og_locale":"fr_FR","og_type":"article","og_title":"Congr\u00e8s 2025 au Canada","og_url":"https:\/\/world-bays.com\/web\/nos-congres\/congres-canada-2025\/","og_site_name":"Les Plus Belles Baies du Monde","article_modified_time":"2025-09-11T20:17:39+00:00","twitter_card":"summary_large_image","schema":{"@context":"https:\/\/schema.org","@graph":[{"@type":"WebPage","@id":"https:\/\/world-bays.com\/web\/nos-congres\/congres-canada-2025\/","url":"https:\/\/world-bays.com\/web\/nos-congres\/congres-canada-2025\/","name":"Congr\u00e8s 2025 au Canada","isPartOf":{"@id":"https:\/\/world-bays.com\/web\/#website"},"datePublished":"2025-05-13T18:22:22+00:00","dateModified":"2025-09-11T20:17:39+00:00","breadcrumb":{"@id":"https:\/\/world-bays.com\/web\/nos-congres\/congres-canada-2025\/#breadcrumb"},"inLanguage":"fr-FR","potentialAction":[{"@type":"ReadAction","target":["https:\/\/world-bays.com\/web\/nos-congres\/congres-canada-2025\/"]}]},{"@type":"BreadcrumbList","@id":"https:\/\/world-bays.com\/web\/nos-congres\/congres-canada-2025\/#breadcrumb","itemListElement":[{"@type":"ListItem","position":1,"name":"Home","item":"https:\/\/world-bays.com\/web\/"},{"@type":"ListItem","position":2,"name":"Nos congr\u00e8s","item":"https:\/\/world-bays.com\/web\/nos-congres\/"},{"@type":"ListItem","position":3,"name":"Congr\u00e8s 2025 au Canada"}]},{"@type":"WebSite","@id":"https:\/\/world-bays.com\/web\/#website","url":"https:\/\/world-bays.com\/web\/","name":"Les Plus Belles Baies du Monde","description":"","publisher":{"@id":"https:\/\/world-bays.com\/web\/#organization"},"potentialAction":[{"@type":"SearchAction","target":{"@type":"EntryPoint","urlTemplate":"https:\/\/world-bays.com\/web\/?s={search_term_string}"},"query-input":"required name=search_term_string"}],"inLanguage":"fr-FR"},{"@type":"Organization","@id":"https:\/\/world-bays.com\/web\/#organization","name":"Les Plus Belles Baies du Monde","url":"https:\/\/world-bays.com\/web\/","logo":{"@type":"ImageObject","inLanguage":"fr-FR","@id":"https:\/\/world-bays.com\/web\/#\/schema\/logo\/image\/","url":"https:\/\/world-bays.com\/web\/app\/uploads\/2023\/11\/img_0149.png","contentUrl":"https:\/\/world-bays.com\/web\/app\/uploads\/2023\/11\/img_0149.png","width":174,"height":162,"caption":"Les Plus Belles Baies du Monde"},"image":{"@id":"https:\/\/world-bays.com\/web\/#\/schema\/logo\/image\/"}}]}},"_links":{"self":[{"href":"https:\/\/world-bays.com\/web\/wp-json\/wp\/v2\/pages\/2138","targetHints":{"allow":["GET"]}}],"collection":[{"href":"https:\/\/world-bays.com\/web\/wp-json\/wp\/v2\/pages"}],"about":[{"href":"https:\/\/world-bays.com\/web\/wp-json\/wp\/v2\/types\/page"}],"author":[{"embeddable":true,"href":"https:\/\/world-bays.com\/web\/wp-json\/wp\/v2\/users\/4"}],"replies":[{"embeddable":true,"href":"https:\/\/world-bays.com\/web\/wp-json\/wp\/v2\/comments?post=2138"}],"version-history":[{"count":13,"href":"https:\/\/world-bays.com\/web\/wp-json\/wp\/v2\/pages\/2138\/revisions"}],"predecessor-version":[{"id":2260,"href":"https:\/\/world-bays.com\/web\/wp-json\/wp\/v2\/pages\/2138\/revisions\/2260"}],"up":[{"embeddable":true,"href":"https:\/\/world-bays.com\/web\/wp-json\/wp\/v2\/pages\/1353"}],"wp:attachment":[{"href":"https:\/\/world-bays.com\/web\/wp-json\/wp\/v2\/media?parent=2138"}],"curies":[{"name":"wp","href":"https:\/\/api.w.org\/{rel}","templated":true}]}}