{"id":1846,"date":"2024-04-11T12:01:21","date_gmt":"2024-04-11T16:01:21","guid":{"rendered":"https:\/\/world-bays.com\/web\/?page_id=1846"},"modified":"2024-04-12T13:25:00","modified_gmt":"2024-04-12T17:25:00","slug":"itb-berlin-2024-salon-du-tourisme","status":"publish","type":"page","link":"https:\/\/world-bays.com\/web\/evenements\/itb-berlin-2024-salon-du-tourisme\/","title":{"rendered":"ITB Berlin 2024 \u2022 Salon du Tourisme"},"content":{"rendered":"\n<div class=\"b-content-two-col content-wave bg-white\">\n    \n\t<div class=\"container\">\n        <div class=\"content\">\n            <div class=\"content-left\">\n                            <\/div>\n            <div class=\"content-right\">\n                \n            <\/div>\n            <div class=\"content-left\">\n                                    <h3 class=\"h1\">ITB Berlin 2024 \u2022 Salon du Tourisme<\/h3>\n                \n                \n            <\/div>\n            <div class=\"content-right\">\n                                    <div class=\"content-text\">\n                        <p><strong>De nombreuses r\u00e9unions avec des responsables de diff\u00e9rents pays ont eu lieu lors de l&rsquo;ITB afin d&rsquo;\u00e9largir notre r\u00e9seau de baies et de renforcer la coop\u00e9ration sur les th\u00e8mes de la durabilit\u00e9 et du d\u00e9veloppement.<\/strong><\/p>\n<p><img fetchpriority=\"high\" decoding=\"async\" fetchpriority=\"high\" class=\"alignnone wp-image-1829\" src=\"https:\/\/world-bays.com\/web\/app\/uploads\/2023\/08\/img_0189-300x225.jpeg\" alt=\"\" width=\"768\" height=\"576\" srcset=\"https:\/\/world-bays.com\/web\/app\/uploads\/2023\/08\/img_0189-300x225.jpeg 300w, https:\/\/world-bays.com\/web\/app\/uploads\/2023\/08\/img_0189-768x576.jpeg 768w, https:\/\/world-bays.com\/web\/app\/uploads\/2023\/08\/img_0189.jpeg 1024w\" sizes=\"(max-width: 768px) 100vw, 768px\" \/><\/p>\n<p><img loading=\"lazy\" decoding=\"async\" class=\"alignnone wp-image-1831\" src=\"https:\/\/world-bays.com\/web\/app\/uploads\/2023\/08\/img_0191-225x300.jpeg\" alt=\"\" width=\"768\" height=\"1024\" srcset=\"https:\/\/world-bays.com\/web\/app\/uploads\/2023\/08\/img_0191-225x300.jpeg 225w, https:\/\/world-bays.com\/web\/app\/uploads\/2023\/08\/img_0191.jpeg 768w\" sizes=\"(max-width: 768px) 100vw, 768px\" \/><\/p>\n<p><img loading=\"lazy\" decoding=\"async\" class=\"alignnone wp-image-1833\" src=\"https:\/\/world-bays.com\/web\/app\/uploads\/2023\/08\/img_0193-225x300.jpeg\" alt=\"\" width=\"768\" height=\"1024\" srcset=\"https:\/\/world-bays.com\/web\/app\/uploads\/2023\/08\/img_0193-225x300.jpeg 225w, https:\/\/world-bays.com\/web\/app\/uploads\/2023\/08\/img_0193.jpeg 768w\" sizes=\"(max-width: 768px) 100vw, 768px\" \/><\/p>\n                    <\/div>\n                                \n                            <\/div>\n        <\/div>\n\t<\/div>\n\n    <\/div>\n","protected":false},"excerpt":{"rendered":"","protected":false},"author":4,"featured_media":0,"parent":17,"menu_order":0,"comment_status":"closed","ping_status":"closed","template":"","meta":{"_acf_changed":false,"footnotes":""},"class_list":["post-1846","page","type-page","status-publish","hentry"],"acf":[],"yoast_head":"<!-- This site is optimized with the Yoast SEO plugin v22.7 - https:\/\/yoast.com\/wordpress\/plugins\/seo\/ -->\n<title>ITB Berlin 2024 \u2022 Salon du Tourisme<\/title>\n<meta name=\"robots\" content=\"index, follow, max-snippet:-1, max-image-preview:large, max-video-preview:-1\" \/>\n<link rel=\"canonical\" href=\"https:\/\/world-bays.com\/web\/evenements\/itb-berlin-2024-salon-du-tourisme\/\" \/>\n<meta property=\"og:locale\" content=\"fr_FR\" \/>\n<meta property=\"og:type\" content=\"article\" \/>\n<meta property=\"og:title\" content=\"ITB Berlin 2024 \u2022 Salon du Tourisme\" \/>\n<meta property=\"og:url\" content=\"https:\/\/world-bays.com\/web\/evenements\/itb-berlin-2024-salon-du-tourisme\/\" \/>\n<meta property=\"og:site_name\" content=\"Les Plus Belles Baies du Monde\" \/>\n<meta property=\"article:modified_time\" content=\"2024-04-12T17:25:00+00:00\" \/>\n<meta name=\"twitter:card\" content=\"summary_large_image\" \/>\n<script type=\"application\/ld+json\" class=\"yoast-schema-graph\">{\"@context\":\"https:\/\/schema.org\",\"@graph\":[{\"@type\":\"WebPage\",\"@id\":\"https:\/\/world-bays.com\/web\/evenements\/itb-berlin-2024-salon-du-tourisme\/\",\"url\":\"https:\/\/world-bays.com\/web\/evenements\/itb-berlin-2024-salon-du-tourisme\/\",\"name\":\"ITB Berlin 2024 \u2022 Salon du Tourisme\",\"isPartOf\":{\"@id\":\"https:\/\/world-bays.com\/web\/#website\"},\"datePublished\":\"2024-04-11T16:01:21+00:00\",\"dateModified\":\"2024-04-12T17:25:00+00:00\",\"breadcrumb\":{\"@id\":\"https:\/\/world-bays.com\/web\/evenements\/itb-berlin-2024-salon-du-tourisme\/#breadcrumb\"},\"inLanguage\":\"fr-FR\",\"potentialAction\":[{\"@type\":\"ReadAction\",\"target\":[\"https:\/\/world-bays.com\/web\/evenements\/itb-berlin-2024-salon-du-tourisme\/\"]}]},{\"@type\":\"BreadcrumbList\",\"@id\":\"https:\/\/world-bays.com\/web\/evenements\/itb-berlin-2024-salon-du-tourisme\/#breadcrumb\",\"itemListElement\":[{\"@type\":\"ListItem\",\"position\":1,\"name\":\"Home\",\"item\":\"https:\/\/world-bays.com\/web\/\"},{\"@type\":\"ListItem\",\"position\":2,\"name\":\"\u00c9v\u00e9nements\",\"item\":\"https:\/\/world-bays.com\/web\/evenements\/\"},{\"@type\":\"ListItem\",\"position\":3,\"name\":\"ITB Berlin 2024 \u2022 Salon du Tourisme\"}]},{\"@type\":\"WebSite\",\"@id\":\"https:\/\/world-bays.com\/web\/#website\",\"url\":\"https:\/\/world-bays.com\/web\/\",\"name\":\"Les Plus Belles Baies du Monde\",\"description\":\"\",\"publisher\":{\"@id\":\"https:\/\/world-bays.com\/web\/#organization\"},\"potentialAction\":[{\"@type\":\"SearchAction\",\"target\":{\"@type\":\"EntryPoint\",\"urlTemplate\":\"https:\/\/world-bays.com\/web\/?s={search_term_string}\"},\"query-input\":\"required name=search_term_string\"}],\"inLanguage\":\"fr-FR\"},{\"@type\":\"Organization\",\"@id\":\"https:\/\/world-bays.com\/web\/#organization\",\"name\":\"Les Plus Belles Baies du Monde\",\"url\":\"https:\/\/world-bays.com\/web\/\",\"logo\":{\"@type\":\"ImageObject\",\"inLanguage\":\"fr-FR\",\"@id\":\"https:\/\/world-bays.com\/web\/#\/schema\/logo\/image\/\",\"url\":\"https:\/\/world-bays.com\/web\/app\/uploads\/2023\/11\/img_0149.png\",\"contentUrl\":\"https:\/\/world-bays.com\/web\/app\/uploads\/2023\/11\/img_0149.png\",\"width\":174,\"height\":162,\"caption\":\"Les Plus Belles Baies du Monde\"},\"image\":{\"@id\":\"https:\/\/world-bays.com\/web\/#\/schema\/logo\/image\/\"}}]}<\/script>\n<!-- \/ Yoast SEO plugin. -->","yoast_head_json":{"title":"ITB Berlin 2024 \u2022 Salon du Tourisme","robots":{"index":"index","follow":"follow","max-snippet":"max-snippet:-1","max-image-preview":"max-image-preview:large","max-video-preview":"max-video-preview:-1"},"canonical":"https:\/\/world-bays.com\/web\/evenements\/itb-berlin-2024-salon-du-tourisme\/","og_locale":"fr_FR","og_type":"article","og_title":"ITB Berlin 2024 \u2022 Salon du Tourisme","og_url":"https:\/\/world-bays.com\/web\/evenements\/itb-berlin-2024-salon-du-tourisme\/","og_site_name":"Les Plus Belles Baies du Monde","article_modified_time":"2024-04-12T17:25:00+00:00","twitter_card":"summary_large_image","schema":{"@context":"https:\/\/schema.org","@graph":[{"@type":"WebPage","@id":"https:\/\/world-bays.com\/web\/evenements\/itb-berlin-2024-salon-du-tourisme\/","url":"https:\/\/world-bays.com\/web\/evenements\/itb-berlin-2024-salon-du-tourisme\/","name":"ITB Berlin 2024 \u2022 Salon du Tourisme","isPartOf":{"@id":"https:\/\/world-bays.com\/web\/#website"},"datePublished":"2024-04-11T16:01:21+00:00","dateModified":"2024-04-12T17:25:00+00:00","breadcrumb":{"@id":"https:\/\/world-bays.com\/web\/evenements\/itb-berlin-2024-salon-du-tourisme\/#breadcrumb"},"inLanguage":"fr-FR","potentialAction":[{"@type":"ReadAction","target":["https:\/\/world-bays.com\/web\/evenements\/itb-berlin-2024-salon-du-tourisme\/"]}]},{"@type":"BreadcrumbList","@id":"https:\/\/world-bays.com\/web\/evenements\/itb-berlin-2024-salon-du-tourisme\/#breadcrumb","itemListElement":[{"@type":"ListItem","position":1,"name":"Home","item":"https:\/\/world-bays.com\/web\/"},{"@type":"ListItem","position":2,"name":"\u00c9v\u00e9nements","item":"https:\/\/world-bays.com\/web\/evenements\/"},{"@type":"ListItem","position":3,"name":"ITB Berlin 2024 \u2022 Salon du Tourisme"}]},{"@type":"WebSite","@id":"https:\/\/world-bays.com\/web\/#website","url":"https:\/\/world-bays.com\/web\/","name":"Les Plus Belles Baies du Monde","description":"","publisher":{"@id":"https:\/\/world-bays.com\/web\/#organization"},"potentialAction":[{"@type":"SearchAction","target":{"@type":"EntryPoint","urlTemplate":"https:\/\/world-bays.com\/web\/?s={search_term_string}"},"query-input":"required name=search_term_string"}],"inLanguage":"fr-FR"},{"@type":"Organization","@id":"https:\/\/world-bays.com\/web\/#organization","name":"Les Plus Belles Baies du Monde","url":"https:\/\/world-bays.com\/web\/","logo":{"@type":"ImageObject","inLanguage":"fr-FR","@id":"https:\/\/world-bays.com\/web\/#\/schema\/logo\/image\/","url":"https:\/\/world-bays.com\/web\/app\/uploads\/2023\/11\/img_0149.png","contentUrl":"https:\/\/world-bays.com\/web\/app\/uploads\/2023\/11\/img_0149.png","width":174,"height":162,"caption":"Les Plus Belles Baies du Monde"},"image":{"@id":"https:\/\/world-bays.com\/web\/#\/schema\/logo\/image\/"}}]}},"_links":{"self":[{"href":"https:\/\/world-bays.com\/web\/wp-json\/wp\/v2\/pages\/1846","targetHints":{"allow":["GET"]}}],"collection":[{"href":"https:\/\/world-bays.com\/web\/wp-json\/wp\/v2\/pages"}],"about":[{"href":"https:\/\/world-bays.com\/web\/wp-json\/wp\/v2\/types\/page"}],"author":[{"embeddable":true,"href":"https:\/\/world-bays.com\/web\/wp-json\/wp\/v2\/users\/4"}],"replies":[{"embeddable":true,"href":"https:\/\/world-bays.com\/web\/wp-json\/wp\/v2\/comments?post=1846"}],"version-history":[{"count":10,"href":"https:\/\/world-bays.com\/web\/wp-json\/wp\/v2\/pages\/1846\/revisions"}],"predecessor-version":[{"id":1875,"href":"https:\/\/world-bays.com\/web\/wp-json\/wp\/v2\/pages\/1846\/revisions\/1875"}],"up":[{"embeddable":true,"href":"https:\/\/world-bays.com\/web\/wp-json\/wp\/v2\/pages\/17"}],"wp:attachment":[{"href":"https:\/\/world-bays.com\/web\/wp-json\/wp\/v2\/media?parent=1846"}],"curies":[{"name":"wp","href":"https:\/\/api.w.org\/{rel}","templated":true}]}}