{"id":15,"date":"2023-07-31T12:04:47","date_gmt":"2023-07-31T16:04:47","guid":{"rendered":"https:\/\/world-bays.com\/?page_id=15"},"modified":"2023-11-14T17:37:41","modified_gmt":"2023-11-14T22:37:41","slug":"devenir-membre","status":"publish","type":"page","link":"https:\/\/world-bays.com\/web\/devenir-membre\/","title":{"rendered":"Devenir membre"},"content":{"rendered":"\n<div class=\"b-content-two-col content-wave bg-white\">\n    \n\t<div class=\"container\">\n        <div class=\"content\">\n            <div class=\"content-left\">\n                            <\/div>\n            <div class=\"content-right\">\n                \n            <\/div>\n            <div class=\"content-left\">\n                \n                \n            <\/div>\n            <div class=\"content-right\">\n                                    <div class=\"content-text\">\n                        <p><strong>Pour participer \u00e0 l\u2019essor de votre baie<\/strong><\/p>\n<p><strong>Pour contribuer \u00e0 la sant\u00e9 de son environnement<\/strong><\/p>\n<p><strong>Pour participer aux activit\u00e9s des Plus Belles Baies du Monde<\/strong><\/p>\n                    <\/div>\n                                \n                                    <div class=\"content-infos\">\n                        <p><span style=\"font-family: Raleway;\"><span data-originalfontsize=\"14.5pt\" data-originalcomputedfontsize=\"19.333334\">Les Plus Belles Baies du Monde, c\u2019est un maillage entre repr\u00e9sentants des 42 baies membres, pour d\u00e9couvrir chez les autres, la culture, la biodiversit\u00e9, les enjeux de d\u00e9veloppement durable, l\u2019\u00e9conomie tourisme dans des lieux pr\u00e9serv\u00e9s ou en <\/span><span data-originalfontsize=\"19.333334px\" data-originalcomputedfontsize=\"19.333334\">processus<\/span><span data-originalfontsize=\"14.5pt\" data-originalcomputedfontsize=\"19.333334\">\u00a0de le redevenir.<\/span><\/span><\/p>\n<p><span data-removefontsize=\"true\" data-originalcomputedfontsize=\"19.333334\">C\u2019est aussi un rassemblement annuel de tous ses repr\u00e9sentants, dans une baie h\u00f4tesse, pour d\u00e9finir ensemble, une trame d\u2019actions concr\u00e8tes sur des sujets aussi divers que\u00a0:<\/span><\/p>\n<ul>\n<li><span data-removefontsize=\"true\" data-originalcomputedfontsize=\"19.333334\">les \u00e9changes scientifiques entre chercheurs sur des probl\u00e9matiques communes,\u00a0<\/span><\/li>\n<li><span data-removefontsize=\"true\" data-originalcomputedfontsize=\"19.333334\">la mise en \u0153uvre de projets communs aux baies,\u00a0(nettoyage des berges, traitement des rejets plastiques, protection des mammif\u00e8res marins, incubateur de b\u00e9b\u00e9s tortues, stages de formation et\u00a0d\u2019acquisition d\u2019exp\u00e9rience dans les m\u00e9tiers li\u00e9s \u00e0\u00a0l&rsquo;\u00e9cotourisme\u2026etc.)<\/span><\/li>\n<li><span data-removefontsize=\"true\" data-originalcomputedfontsize=\"19.333334\">l\u2019organisation, ou la \u00a0participation \u00e0 des \u00e9v\u00e8nements et des activit\u00e9s sportives, tel que la course de voile\u00a0au large ou la travers\u00e9e d\u2019une baie \u00e0 la nage.<\/span><\/li>\n<li><span data-removefontsize=\"true\" data-originalcomputedfontsize=\"19.333334\">l\u2019investissement dans un projet de d\u00e9veloppement durable, (plantation de pal\u00e9tuvier dans les mangroves)<\/span><\/li>\n<li><span data-removefontsize=\"true\" data-originalcomputedfontsize=\"19.333334\">le parrainage d\u2019un projet initi\u00e9 par le Comit\u00e9 jeunesse des Plus Belles Baies du Monde.<\/span><\/li>\n<\/ul>\n                    <\/div>\n                            <\/div>\n        <\/div>\n\t<\/div>\n\n    <\/div>\n\n\n\n<div class=\"b-flex-content content-wave bg-blue\">\n    \n\t<div class=\"container\">\n\n                                    \n                                            <div class=\"block-content\">\n                            <div class=\"content-left\">\n                                                                    <h3 class=\"type-bold\">Adh\u00e9rer \u00e0 l&rsquo;association<\/h3>\n                                                            <\/div>\n                            <div class=\"content-right\"><\/div>\n                            <div class=\"content-left\"><\/div>\n                            <div class=\"content-right\">\n                                <p>\u00c9crivez nous en r\u00e9pondant \u00e0 quelques questions et nous vous enverrons la formation d\u00e9taill\u00e9e pour devenir membre.<\/p>\n<p>&nbsp;<\/p>\n\n<div class=\"wpcf7 no-js\" id=\"wpcf7-f265-o1\" lang=\"fr-FR\" dir=\"ltr\">\n<div class=\"screen-reader-response\"><p role=\"status\" aria-live=\"polite\" aria-atomic=\"true\"><\/p> <ul><\/ul><\/div>\n<form action=\"\/web\/wp-json\/wp\/v2\/pages\/15#wpcf7-f265-o1\" method=\"post\" class=\"wpcf7-form init\" aria-label=\"Formulaire de contact\" novalidate=\"novalidate\" data-status=\"init\">\n<div style=\"display: none;\">\n<input type=\"hidden\" name=\"_wpcf7\" value=\"265\" \/>\n<input type=\"hidden\" name=\"_wpcf7_version\" value=\"5.9.5\" \/>\n<input type=\"hidden\" name=\"_wpcf7_locale\" value=\"fr_FR\" \/>\n<input type=\"hidden\" name=\"_wpcf7_unit_tag\" value=\"wpcf7-f265-o1\" \/>\n<input type=\"hidden\" name=\"_wpcf7_container_post\" value=\"0\" \/>\n<input type=\"hidden\" name=\"_wpcf7_posted_data_hash\" value=\"\" \/>\n<\/div>\n<p><span class=\"wpcf7-form-control-wrap\" data-name=\"nom\"><input size=\"40\" class=\"wpcf7-form-control wpcf7-text wpcf7-validates-as-required contact-name\" aria-required=\"true\" aria-invalid=\"false\" placeholder=\"Nom\" value=\"\" type=\"text\" name=\"nom\" \/><\/span><br \/>\n<span class=\"wpcf7-form-control-wrap\" data-name=\"email\"><input size=\"40\" class=\"wpcf7-form-control wpcf7-email wpcf7-validates-as-required wpcf7-text wpcf7-validates-as-email contact-email\" aria-required=\"true\" aria-invalid=\"false\" placeholder=\"Courriel\" value=\"\" type=\"email\" name=\"email\" \/><\/span><br \/>\n<span class=\"wpcf7-form-control-wrap\" data-name=\"telephone\"><input size=\"40\" class=\"wpcf7-form-control wpcf7-tel wpcf7-validates-as-required wpcf7-text wpcf7-validates-as-tel contact-tel\" aria-required=\"true\" aria-invalid=\"false\" placeholder=\"Num\u00e9ro de t\u00e9l\u00e9phone\" value=\"\" type=\"tel\" name=\"telephone\" \/><\/span><br \/>\n<span class=\"wpcf7-form-control-wrap\" data-name=\"subject\"><input size=\"40\" class=\"wpcf7-form-control wpcf7-text wpcf7-validates-as-required contact-subject\" aria-required=\"true\" aria-invalid=\"false\" value=\"Sujet\" type=\"text\" name=\"subject\" \/><\/span><br \/>\n<span class=\"wpcf7-form-control-wrap\" data-name=\"message\"><textarea cols=\"40\" rows=\"10\" class=\"wpcf7-form-control wpcf7-textarea wpcf7-validates-as-required contact-message\" aria-required=\"true\" aria-invalid=\"false\" placeholder=\"Message\" name=\"message\"><\/textarea><\/span><br \/>\n<input class=\"wpcf7-form-control wpcf7-submit has-spinner contact-submit btn btn-blue\" type=\"submit\" value=\"Soumettre\" \/>\n<\/p><div class=\"wpcf7-response-output\" aria-hidden=\"true\"><\/div>\n<\/form>\n<\/div>\n\n                            <\/div>\n                        <\/div>\n                    \n                    \n                                    \n\t<\/div>\n\n    <\/div>\n","protected":false},"excerpt":{"rendered":"","protected":false},"author":4,"featured_media":0,"parent":0,"menu_order":0,"comment_status":"closed","ping_status":"closed","template":"","meta":{"_acf_changed":false,"footnotes":""},"class_list":["post-15","page","type-page","status-publish","hentry"],"acf":[],"yoast_head":"<!-- This site is optimized with the Yoast SEO plugin v22.7 - https:\/\/yoast.com\/wordpress\/plugins\/seo\/ -->\n<title>Devenir membre<\/title>\n<meta name=\"robots\" content=\"index, follow, max-snippet:-1, max-image-preview:large, max-video-preview:-1\" \/>\n<link rel=\"canonical\" href=\"https:\/\/world-bays.com\/web\/devenir-membre\/\" \/>\n<meta property=\"og:locale\" content=\"fr_FR\" \/>\n<meta property=\"og:type\" content=\"article\" \/>\n<meta property=\"og:title\" content=\"Devenir membre\" \/>\n<meta property=\"og:url\" content=\"https:\/\/world-bays.com\/web\/devenir-membre\/\" \/>\n<meta property=\"og:site_name\" content=\"Les Plus Belles Baies du Monde\" \/>\n<meta property=\"article:modified_time\" content=\"2023-11-14T22:37:41+00:00\" \/>\n<meta name=\"twitter:card\" content=\"summary_large_image\" \/>\n<script type=\"application\/ld+json\" class=\"yoast-schema-graph\">{\"@context\":\"https:\/\/schema.org\",\"@graph\":[{\"@type\":\"WebPage\",\"@id\":\"https:\/\/world-bays.com\/web\/devenir-membre\/\",\"url\":\"https:\/\/world-bays.com\/web\/devenir-membre\/\",\"name\":\"Devenir membre\",\"isPartOf\":{\"@id\":\"https:\/\/world-bays.com\/web\/#website\"},\"datePublished\":\"2023-07-31T16:04:47+00:00\",\"dateModified\":\"2023-11-14T22:37:41+00:00\",\"breadcrumb\":{\"@id\":\"https:\/\/world-bays.com\/web\/devenir-membre\/#breadcrumb\"},\"inLanguage\":\"fr-FR\",\"potentialAction\":[{\"@type\":\"ReadAction\",\"target\":[\"https:\/\/world-bays.com\/web\/devenir-membre\/\"]}]},{\"@type\":\"BreadcrumbList\",\"@id\":\"https:\/\/world-bays.com\/web\/devenir-membre\/#breadcrumb\",\"itemListElement\":[{\"@type\":\"ListItem\",\"position\":1,\"name\":\"Home\",\"item\":\"https:\/\/world-bays.com\/web\/\"},{\"@type\":\"ListItem\",\"position\":2,\"name\":\"Devenir membre\"}]},{\"@type\":\"WebSite\",\"@id\":\"https:\/\/world-bays.com\/web\/#website\",\"url\":\"https:\/\/world-bays.com\/web\/\",\"name\":\"Les Plus Belles Baies du Monde\",\"description\":\"\",\"publisher\":{\"@id\":\"https:\/\/world-bays.com\/web\/#organization\"},\"potentialAction\":[{\"@type\":\"SearchAction\",\"target\":{\"@type\":\"EntryPoint\",\"urlTemplate\":\"https:\/\/world-bays.com\/web\/?s={search_term_string}\"},\"query-input\":\"required name=search_term_string\"}],\"inLanguage\":\"fr-FR\"},{\"@type\":\"Organization\",\"@id\":\"https:\/\/world-bays.com\/web\/#organization\",\"name\":\"Les Plus Belles Baies du Monde\",\"url\":\"https:\/\/world-bays.com\/web\/\",\"logo\":{\"@type\":\"ImageObject\",\"inLanguage\":\"fr-FR\",\"@id\":\"https:\/\/world-bays.com\/web\/#\/schema\/logo\/image\/\",\"url\":\"https:\/\/world-bays.com\/web\/app\/uploads\/2023\/11\/img_0149.png\",\"contentUrl\":\"https:\/\/world-bays.com\/web\/app\/uploads\/2023\/11\/img_0149.png\",\"width\":174,\"height\":162,\"caption\":\"Les Plus Belles Baies du Monde\"},\"image\":{\"@id\":\"https:\/\/world-bays.com\/web\/#\/schema\/logo\/image\/\"}}]}<\/script>\n<!-- \/ Yoast SEO plugin. -->","yoast_head_json":{"title":"Devenir membre","robots":{"index":"index","follow":"follow","max-snippet":"max-snippet:-1","max-image-preview":"max-image-preview:large","max-video-preview":"max-video-preview:-1"},"canonical":"https:\/\/world-bays.com\/web\/devenir-membre\/","og_locale":"fr_FR","og_type":"article","og_title":"Devenir membre","og_url":"https:\/\/world-bays.com\/web\/devenir-membre\/","og_site_name":"Les Plus Belles Baies du Monde","article_modified_time":"2023-11-14T22:37:41+00:00","twitter_card":"summary_large_image","schema":{"@context":"https:\/\/schema.org","@graph":[{"@type":"WebPage","@id":"https:\/\/world-bays.com\/web\/devenir-membre\/","url":"https:\/\/world-bays.com\/web\/devenir-membre\/","name":"Devenir membre","isPartOf":{"@id":"https:\/\/world-bays.com\/web\/#website"},"datePublished":"2023-07-31T16:04:47+00:00","dateModified":"2023-11-14T22:37:41+00:00","breadcrumb":{"@id":"https:\/\/world-bays.com\/web\/devenir-membre\/#breadcrumb"},"inLanguage":"fr-FR","potentialAction":[{"@type":"ReadAction","target":["https:\/\/world-bays.com\/web\/devenir-membre\/"]}]},{"@type":"BreadcrumbList","@id":"https:\/\/world-bays.com\/web\/devenir-membre\/#breadcrumb","itemListElement":[{"@type":"ListItem","position":1,"name":"Home","item":"https:\/\/world-bays.com\/web\/"},{"@type":"ListItem","position":2,"name":"Devenir membre"}]},{"@type":"WebSite","@id":"https:\/\/world-bays.com\/web\/#website","url":"https:\/\/world-bays.com\/web\/","name":"Les Plus Belles Baies du Monde","description":"","publisher":{"@id":"https:\/\/world-bays.com\/web\/#organization"},"potentialAction":[{"@type":"SearchAction","target":{"@type":"EntryPoint","urlTemplate":"https:\/\/world-bays.com\/web\/?s={search_term_string}"},"query-input":"required name=search_term_string"}],"inLanguage":"fr-FR"},{"@type":"Organization","@id":"https:\/\/world-bays.com\/web\/#organization","name":"Les Plus Belles Baies du Monde","url":"https:\/\/world-bays.com\/web\/","logo":{"@type":"ImageObject","inLanguage":"fr-FR","@id":"https:\/\/world-bays.com\/web\/#\/schema\/logo\/image\/","url":"https:\/\/world-bays.com\/web\/app\/uploads\/2023\/11\/img_0149.png","contentUrl":"https:\/\/world-bays.com\/web\/app\/uploads\/2023\/11\/img_0149.png","width":174,"height":162,"caption":"Les Plus Belles Baies du Monde"},"image":{"@id":"https:\/\/world-bays.com\/web\/#\/schema\/logo\/image\/"}}]}},"_links":{"self":[{"href":"https:\/\/world-bays.com\/web\/wp-json\/wp\/v2\/pages\/15","targetHints":{"allow":["GET"]}}],"collection":[{"href":"https:\/\/world-bays.com\/web\/wp-json\/wp\/v2\/pages"}],"about":[{"href":"https:\/\/world-bays.com\/web\/wp-json\/wp\/v2\/types\/page"}],"author":[{"embeddable":true,"href":"https:\/\/world-bays.com\/web\/wp-json\/wp\/v2\/users\/4"}],"replies":[{"embeddable":true,"href":"https:\/\/world-bays.com\/web\/wp-json\/wp\/v2\/comments?post=15"}],"version-history":[{"count":49,"href":"https:\/\/world-bays.com\/web\/wp-json\/wp\/v2\/pages\/15\/revisions"}],"predecessor-version":[{"id":1662,"href":"https:\/\/world-bays.com\/web\/wp-json\/wp\/v2\/pages\/15\/revisions\/1662"}],"wp:attachment":[{"href":"https:\/\/world-bays.com\/web\/wp-json\/wp\/v2\/media?parent=15"}],"curies":[{"name":"wp","href":"https:\/\/api.w.org\/{rel}","templated":true}]}}