{"id":1350,"date":"2023-11-02T11:12:27","date_gmt":"2023-11-02T15:12:27","guid":{"rendered":"https:\/\/world-bays.com\/?page_id=1350"},"modified":"2025-05-15T10:43:18","modified_gmt":"2025-05-15T14:43:18","slug":"congres-de-yeosu-octobre-2023","status":"publish","type":"page","link":"https:\/\/world-bays.com\/web\/nos-congres\/congres-de-yeosu-octobre-2023\/","title":{"rendered":"Congr\u00e8s  2023 Yeosu,Cor\u00e9e du Sud"},"content":{"rendered":"\n<div class=\"b-content-two-col content-wave bg-blue\">\n    \n\t<div class=\"container\">\n        <div class=\"content\">\n            <div class=\"content-left\">\n                            <\/div>\n            <div class=\"content-right\">\n                \n            <\/div>\n            <div class=\"content-left\">\n                                    <h3 class=\"h1\">Souvenirs du congr\u00e8s <\/h3>\n                \n                \n            <\/div>\n            <div class=\"content-right\">\n                                    <div class=\"content-text\">\n                        <p><span class=\"s3\">Le congr\u00e8s des plus Belles Baies du Monde est un rendez-vous annuel des membres. Traditionnellement re\u00e7us g\u00e9n\u00e9reusement par la Baie H\u00f4tesse, c\u2019est l\u2019occasion pour les d\u00e9l\u00e9gations de chaque baie, d\u2019\u00e9changer avec les autres, de visiter la baie h\u00f4tesse, de partager des projets, d\u2019exprimer son opinion, d\u2019exercer son droit de vote, \u00e0 l\u2019occasion de l\u2019assembl\u00e9e g\u00e9n\u00e9rale annuelle.<\/span>Cette ann\u00e9e, nous avons eu le privil\u00e8ge et l\u2019honneur d\u2019\u00eatre re\u00e7us dans la Baie de Yeosu en Cor\u00e9e du Sud.<\/p>\n<p><iframe width=\"560\" height=\"315\" src=\"https:\/\/www.youtube.com\/embed\/fXVKuWQZBTE?si=JND59w0hcSrSZE-r\" title=\"YouTube video player\" frameborder=\"0\" allow=\"accelerometer; autoplay; clipboard-write; encrypted-media; gyroscope; picture-in-picture; web-share\" allowfullscreen><\/iframe><\/p>\n<p><iframe title=\"Opening ceremony of the 17th World Congress in 2023\" width=\"500\" height=\"281\" src=\"https:\/\/www.youtube.com\/embed\/sqdiaoeYXnc?feature=oembed\" frameborder=\"0\" allow=\"accelerometer; autoplay; clipboard-write; encrypted-media; gyroscope; picture-in-picture; web-share\" referrerpolicy=\"strict-origin-when-cross-origin\" allowfullscreen><\/iframe><\/p>\n<p><iframe title=\"Closing Ceremony of the 17th World Cogress of the Most Beautiful Bays in the World in 2023\" width=\"500\" height=\"281\" src=\"https:\/\/www.youtube.com\/embed\/WwYzJyi_T2Y?feature=oembed\" frameborder=\"0\" allow=\"accelerometer; autoplay; clipboard-write; encrypted-media; gyroscope; picture-in-picture; web-share\" referrerpolicy=\"strict-origin-when-cross-origin\" allowfullscreen><\/iframe><\/p>\n<p><iframe title=\"The Great Wonders of Yeosu Bay\" width=\"500\" height=\"281\" src=\"https:\/\/www.youtube.com\/embed\/bphPFLLFCYs?feature=oembed\" frameborder=\"0\" allow=\"accelerometer; autoplay; clipboard-write; encrypted-media; gyroscope; picture-in-picture; web-share\" referrerpolicy=\"strict-origin-when-cross-origin\" allowfullscreen><\/iframe><\/p>\n                    <\/div>\n                                \n                            <\/div>\n        <\/div>\n\t<\/div>\n\n    <\/div>\n","protected":false},"excerpt":{"rendered":"","protected":false},"author":4,"featured_media":0,"parent":1353,"menu_order":0,"comment_status":"closed","ping_status":"closed","template":"","meta":{"_acf_changed":false,"footnotes":""},"class_list":["post-1350","page","type-page","status-publish","hentry"],"acf":[],"yoast_head":"<!-- This site is optimized with the Yoast SEO plugin v22.7 - https:\/\/yoast.com\/wordpress\/plugins\/seo\/ -->\n<title>Congr\u00e8s 2023 Yeosu,Cor\u00e9e du Sud<\/title>\n<meta name=\"robots\" content=\"index, follow, max-snippet:-1, max-image-preview:large, max-video-preview:-1\" \/>\n<link rel=\"canonical\" href=\"https:\/\/world-bays.com\/web\/nos-congres\/congres-de-yeosu-octobre-2023\/\" \/>\n<meta property=\"og:locale\" content=\"fr_FR\" \/>\n<meta property=\"og:type\" content=\"article\" \/>\n<meta property=\"og:title\" content=\"Congr\u00e8s 2023 Yeosu,Cor\u00e9e du Sud\" \/>\n<meta property=\"og:url\" content=\"https:\/\/world-bays.com\/web\/nos-congres\/congres-de-yeosu-octobre-2023\/\" \/>\n<meta property=\"og:site_name\" content=\"Les Plus Belles Baies du Monde\" \/>\n<meta property=\"article:modified_time\" content=\"2025-05-15T14:43:18+00:00\" \/>\n<meta name=\"twitter:card\" content=\"summary_large_image\" \/>\n<script type=\"application\/ld+json\" class=\"yoast-schema-graph\">{\"@context\":\"https:\/\/schema.org\",\"@graph\":[{\"@type\":\"WebPage\",\"@id\":\"https:\/\/world-bays.com\/web\/nos-congres\/congres-de-yeosu-octobre-2023\/\",\"url\":\"https:\/\/world-bays.com\/web\/nos-congres\/congres-de-yeosu-octobre-2023\/\",\"name\":\"Congr\u00e8s 2023 Yeosu,Cor\u00e9e du Sud\",\"isPartOf\":{\"@id\":\"https:\/\/world-bays.com\/web\/#website\"},\"datePublished\":\"2023-11-02T15:12:27+00:00\",\"dateModified\":\"2025-05-15T14:43:18+00:00\",\"breadcrumb\":{\"@id\":\"https:\/\/world-bays.com\/web\/nos-congres\/congres-de-yeosu-octobre-2023\/#breadcrumb\"},\"inLanguage\":\"fr-FR\",\"potentialAction\":[{\"@type\":\"ReadAction\",\"target\":[\"https:\/\/world-bays.com\/web\/nos-congres\/congres-de-yeosu-octobre-2023\/\"]}]},{\"@type\":\"BreadcrumbList\",\"@id\":\"https:\/\/world-bays.com\/web\/nos-congres\/congres-de-yeosu-octobre-2023\/#breadcrumb\",\"itemListElement\":[{\"@type\":\"ListItem\",\"position\":1,\"name\":\"Home\",\"item\":\"https:\/\/world-bays.com\/web\/\"},{\"@type\":\"ListItem\",\"position\":2,\"name\":\"Nos congr\u00e8s\",\"item\":\"https:\/\/world-bays.com\/web\/nos-congres\/\"},{\"@type\":\"ListItem\",\"position\":3,\"name\":\"Congr\u00e8s 2023 Yeosu,Cor\u00e9e du Sud\"}]},{\"@type\":\"WebSite\",\"@id\":\"https:\/\/world-bays.com\/web\/#website\",\"url\":\"https:\/\/world-bays.com\/web\/\",\"name\":\"Les Plus Belles Baies du Monde\",\"description\":\"\",\"publisher\":{\"@id\":\"https:\/\/world-bays.com\/web\/#organization\"},\"potentialAction\":[{\"@type\":\"SearchAction\",\"target\":{\"@type\":\"EntryPoint\",\"urlTemplate\":\"https:\/\/world-bays.com\/web\/?s={search_term_string}\"},\"query-input\":\"required name=search_term_string\"}],\"inLanguage\":\"fr-FR\"},{\"@type\":\"Organization\",\"@id\":\"https:\/\/world-bays.com\/web\/#organization\",\"name\":\"Les Plus Belles Baies du Monde\",\"url\":\"https:\/\/world-bays.com\/web\/\",\"logo\":{\"@type\":\"ImageObject\",\"inLanguage\":\"fr-FR\",\"@id\":\"https:\/\/world-bays.com\/web\/#\/schema\/logo\/image\/\",\"url\":\"https:\/\/world-bays.com\/web\/app\/uploads\/2023\/11\/img_0149.png\",\"contentUrl\":\"https:\/\/world-bays.com\/web\/app\/uploads\/2023\/11\/img_0149.png\",\"width\":174,\"height\":162,\"caption\":\"Les Plus Belles Baies du Monde\"},\"image\":{\"@id\":\"https:\/\/world-bays.com\/web\/#\/schema\/logo\/image\/\"}}]}<\/script>\n<!-- \/ Yoast SEO plugin. -->","yoast_head_json":{"title":"Congr\u00e8s 2023 Yeosu,Cor\u00e9e du Sud","robots":{"index":"index","follow":"follow","max-snippet":"max-snippet:-1","max-image-preview":"max-image-preview:large","max-video-preview":"max-video-preview:-1"},"canonical":"https:\/\/world-bays.com\/web\/nos-congres\/congres-de-yeosu-octobre-2023\/","og_locale":"fr_FR","og_type":"article","og_title":"Congr\u00e8s 2023 Yeosu,Cor\u00e9e du Sud","og_url":"https:\/\/world-bays.com\/web\/nos-congres\/congres-de-yeosu-octobre-2023\/","og_site_name":"Les Plus Belles Baies du Monde","article_modified_time":"2025-05-15T14:43:18+00:00","twitter_card":"summary_large_image","schema":{"@context":"https:\/\/schema.org","@graph":[{"@type":"WebPage","@id":"https:\/\/world-bays.com\/web\/nos-congres\/congres-de-yeosu-octobre-2023\/","url":"https:\/\/world-bays.com\/web\/nos-congres\/congres-de-yeosu-octobre-2023\/","name":"Congr\u00e8s 2023 Yeosu,Cor\u00e9e du Sud","isPartOf":{"@id":"https:\/\/world-bays.com\/web\/#website"},"datePublished":"2023-11-02T15:12:27+00:00","dateModified":"2025-05-15T14:43:18+00:00","breadcrumb":{"@id":"https:\/\/world-bays.com\/web\/nos-congres\/congres-de-yeosu-octobre-2023\/#breadcrumb"},"inLanguage":"fr-FR","potentialAction":[{"@type":"ReadAction","target":["https:\/\/world-bays.com\/web\/nos-congres\/congres-de-yeosu-octobre-2023\/"]}]},{"@type":"BreadcrumbList","@id":"https:\/\/world-bays.com\/web\/nos-congres\/congres-de-yeosu-octobre-2023\/#breadcrumb","itemListElement":[{"@type":"ListItem","position":1,"name":"Home","item":"https:\/\/world-bays.com\/web\/"},{"@type":"ListItem","position":2,"name":"Nos congr\u00e8s","item":"https:\/\/world-bays.com\/web\/nos-congres\/"},{"@type":"ListItem","position":3,"name":"Congr\u00e8s 2023 Yeosu,Cor\u00e9e du Sud"}]},{"@type":"WebSite","@id":"https:\/\/world-bays.com\/web\/#website","url":"https:\/\/world-bays.com\/web\/","name":"Les Plus Belles Baies du Monde","description":"","publisher":{"@id":"https:\/\/world-bays.com\/web\/#organization"},"potentialAction":[{"@type":"SearchAction","target":{"@type":"EntryPoint","urlTemplate":"https:\/\/world-bays.com\/web\/?s={search_term_string}"},"query-input":"required name=search_term_string"}],"inLanguage":"fr-FR"},{"@type":"Organization","@id":"https:\/\/world-bays.com\/web\/#organization","name":"Les Plus Belles Baies du Monde","url":"https:\/\/world-bays.com\/web\/","logo":{"@type":"ImageObject","inLanguage":"fr-FR","@id":"https:\/\/world-bays.com\/web\/#\/schema\/logo\/image\/","url":"https:\/\/world-bays.com\/web\/app\/uploads\/2023\/11\/img_0149.png","contentUrl":"https:\/\/world-bays.com\/web\/app\/uploads\/2023\/11\/img_0149.png","width":174,"height":162,"caption":"Les Plus Belles Baies du Monde"},"image":{"@id":"https:\/\/world-bays.com\/web\/#\/schema\/logo\/image\/"}}]}},"_links":{"self":[{"href":"https:\/\/world-bays.com\/web\/wp-json\/wp\/v2\/pages\/1350","targetHints":{"allow":["GET"]}}],"collection":[{"href":"https:\/\/world-bays.com\/web\/wp-json\/wp\/v2\/pages"}],"about":[{"href":"https:\/\/world-bays.com\/web\/wp-json\/wp\/v2\/types\/page"}],"author":[{"embeddable":true,"href":"https:\/\/world-bays.com\/web\/wp-json\/wp\/v2\/users\/4"}],"replies":[{"embeddable":true,"href":"https:\/\/world-bays.com\/web\/wp-json\/wp\/v2\/comments?post=1350"}],"version-history":[{"count":43,"href":"https:\/\/world-bays.com\/web\/wp-json\/wp\/v2\/pages\/1350\/revisions"}],"predecessor-version":[{"id":2170,"href":"https:\/\/world-bays.com\/web\/wp-json\/wp\/v2\/pages\/1350\/revisions\/2170"}],"up":[{"embeddable":true,"href":"https:\/\/world-bays.com\/web\/wp-json\/wp\/v2\/pages\/1353"}],"wp:attachment":[{"href":"https:\/\/world-bays.com\/web\/wp-json\/wp\/v2\/media?parent=1350"}],"curies":[{"name":"wp","href":"https:\/\/api.w.org\/{rel}","templated":true}]}}