{"id":1243,"date":"2023-10-18T20:41:54","date_gmt":"2023-10-19T00:41:54","guid":{"rendered":"https:\/\/world-bays.com\/?page_id=1243"},"modified":"2025-11-12T20:12:22","modified_gmt":"2025-11-13T01:12:22","slug":"mot-du-president","status":"publish","type":"page","link":"https:\/\/world-bays.com\/web\/lassociation\/mot-du-president\/","title":{"rendered":"Mot du pr\u00e9sident"},"content":{"rendered":"\n<div class=\"b-box-img-content content-wave bg-white\">\n    \n\t<div class=\"container\">\n\n                    <div class=\"block-content\">\n                <div class=\"content-left\">\n                                    <\/div>\n                <div class=\"content-right\"><\/div>\n                <div class=\"content-left\"><\/div>\n                <div class=\"content-right\">\n                    <p>&nbsp;<\/p>\n                <\/div>\n            <\/div>\n        \n\n                    <div class=\"boxes\">\n                                    <div class=\"single-box\">\n                                                    <div class=\"box-img\" style=\"background-image: url(https:\/\/world-bays.com\/web\/app\/uploads\/2025\/11\/img_0345-965x1254.jpeg);\">\n                            <\/div>\n                                                <div class=\"box-content\">\n                                                        <p>\u00ab\u00a0Faire les choses avec le s\u00e9rieux d\u2019un enfant qui joue\u00a0\u00bb<\/p>\n<p>C&rsquo;est dans la continuit\u00e9 du travail entrepris que je reprends le flambeau avec le sentiment de poursuivre une belle \u0153uvre seine et porteuse d\u2019esp\u00e9rance car s&rsquo;appuyant sur une r\u00e9alit\u00e9 de plus en plus criante et comme la n\u00e9cessit\u00e9 et le besoin de pr\u00e9server la plan\u00e8te et tout particuli\u00e8rement nos c\u00f4tes et nos baies que nous aimons tant.<\/p>\n<p>J&rsquo;ai ainsi pu constater par les actions entreprises que nous \u00e9tions de plus en plus pris au s\u00e9rieux, car en avance au niveau de la r\u00e9flexion nous sommes \u00e0 pr\u00e9sent rattrap\u00e9s parfois par une triste r\u00e9alit\u00e9 et une urgence.<\/p>\n<p>C&rsquo;est ainsi qu&rsquo;\u00e0 Nice \u00e0 la conf\u00e9rence sur les Oc\u00e9ans o\u00f9 nous \u00e9tions invit\u00e9s en tant qu&rsquo;ONG reconnue par les Nations Unies, j&rsquo;ai cru entendre des discours que nous pr\u00e9conisions d\u00e9j\u00e0 il y a plusieurs d\u00e9cennies. Je souhaite donc renforcer notre pr\u00e9sence aupr\u00e8s des organisations internationales lors de \u00a0grandes rencontres, en plus des Nations Unies, comme \u00e0 l&rsquo;IUCN, \u00e0 la COP, au Global Ecotourism Forum, aupr\u00e8s de l&rsquo; UNESCO et l&rsquo;UNESCO Ocean Decade, de l&rsquo;UNEP, etc. afin d&rsquo;obtenir une r\u00e9elle reconnaissance et surtout pour faire entendre notre petite musique,<\/p>\n<p>Car, l\u2019important est que nous prenions le train en marche, puisque notre action est \u00e0 pr\u00e9sent consid\u00e9r\u00e9e comme essentielle. Alors pour conserver notre avance sur la question, nous est venu l&rsquo;id\u00e9e qu&rsquo;il fallait \u00e0 pr\u00e9sent nous adresser prioritairement aux g\u00e9n\u00e9rations futures et tout particuli\u00e8rement aux enfants qui auront notre lourd h\u00e9ritage pour ne pas dire fardeau \u00e0 supporter voire au mieux \u00e0 r\u00e9parer.<\/p>\n<p><strong>Un mouvement international d&rsquo;\u00e9ducation des enfants qu&rsquo;il nous reste \u00e0 pr\u00e9sent \u00e0 concevoir.<br \/>\nLongue vie aux Plus Belles baies du Monde !<\/strong><\/p>\n\n                            \n                                                    <\/div>\n                    <\/div>\n                            <\/div>\n        \n\t<\/div>\n\n    <\/div>\n","protected":false},"excerpt":{"rendered":"","protected":false},"author":4,"featured_media":0,"parent":11,"menu_order":0,"comment_status":"closed","ping_status":"closed","template":"","meta":{"_acf_changed":false,"footnotes":""},"class_list":["post-1243","page","type-page","status-publish","hentry"],"acf":[],"yoast_head":"<!-- This site is optimized with the Yoast SEO plugin v22.7 - https:\/\/yoast.com\/wordpress\/plugins\/seo\/ -->\n<title>Mot du pr\u00e9sident<\/title>\n<meta name=\"robots\" content=\"index, follow, max-snippet:-1, max-image-preview:large, max-video-preview:-1\" \/>\n<link rel=\"canonical\" href=\"https:\/\/world-bays.com\/web\/lassociation\/mot-du-president\/\" \/>\n<meta property=\"og:locale\" content=\"fr_FR\" \/>\n<meta property=\"og:type\" content=\"article\" \/>\n<meta property=\"og:title\" content=\"Mot du pr\u00e9sident\" \/>\n<meta property=\"og:url\" content=\"https:\/\/world-bays.com\/web\/lassociation\/mot-du-president\/\" \/>\n<meta property=\"og:site_name\" content=\"Les Plus Belles Baies du Monde\" \/>\n<meta property=\"article:modified_time\" content=\"2025-11-13T01:12:22+00:00\" \/>\n<meta name=\"twitter:card\" content=\"summary_large_image\" \/>\n<script type=\"application\/ld+json\" class=\"yoast-schema-graph\">{\"@context\":\"https:\/\/schema.org\",\"@graph\":[{\"@type\":\"WebPage\",\"@id\":\"https:\/\/world-bays.com\/web\/lassociation\/mot-du-president\/\",\"url\":\"https:\/\/world-bays.com\/web\/lassociation\/mot-du-president\/\",\"name\":\"Mot du pr\u00e9sident\",\"isPartOf\":{\"@id\":\"https:\/\/world-bays.com\/web\/#website\"},\"datePublished\":\"2023-10-19T00:41:54+00:00\",\"dateModified\":\"2025-11-13T01:12:22+00:00\",\"breadcrumb\":{\"@id\":\"https:\/\/world-bays.com\/web\/lassociation\/mot-du-president\/#breadcrumb\"},\"inLanguage\":\"fr-FR\",\"potentialAction\":[{\"@type\":\"ReadAction\",\"target\":[\"https:\/\/world-bays.com\/web\/lassociation\/mot-du-president\/\"]}]},{\"@type\":\"BreadcrumbList\",\"@id\":\"https:\/\/world-bays.com\/web\/lassociation\/mot-du-president\/#breadcrumb\",\"itemListElement\":[{\"@type\":\"ListItem\",\"position\":1,\"name\":\"Home\",\"item\":\"https:\/\/world-bays.com\/web\/\"},{\"@type\":\"ListItem\",\"position\":2,\"name\":\"L&rsquo;association\",\"item\":\"https:\/\/world-bays.com\/web\/lassociation\/\"},{\"@type\":\"ListItem\",\"position\":3,\"name\":\"Mot du pr\u00e9sident\"}]},{\"@type\":\"WebSite\",\"@id\":\"https:\/\/world-bays.com\/web\/#website\",\"url\":\"https:\/\/world-bays.com\/web\/\",\"name\":\"Les Plus Belles Baies du Monde\",\"description\":\"\",\"publisher\":{\"@id\":\"https:\/\/world-bays.com\/web\/#organization\"},\"potentialAction\":[{\"@type\":\"SearchAction\",\"target\":{\"@type\":\"EntryPoint\",\"urlTemplate\":\"https:\/\/world-bays.com\/web\/?s={search_term_string}\"},\"query-input\":\"required name=search_term_string\"}],\"inLanguage\":\"fr-FR\"},{\"@type\":\"Organization\",\"@id\":\"https:\/\/world-bays.com\/web\/#organization\",\"name\":\"Les Plus Belles Baies du Monde\",\"url\":\"https:\/\/world-bays.com\/web\/\",\"logo\":{\"@type\":\"ImageObject\",\"inLanguage\":\"fr-FR\",\"@id\":\"https:\/\/world-bays.com\/web\/#\/schema\/logo\/image\/\",\"url\":\"https:\/\/world-bays.com\/web\/app\/uploads\/2023\/11\/img_0149.png\",\"contentUrl\":\"https:\/\/world-bays.com\/web\/app\/uploads\/2023\/11\/img_0149.png\",\"width\":174,\"height\":162,\"caption\":\"Les Plus Belles Baies du Monde\"},\"image\":{\"@id\":\"https:\/\/world-bays.com\/web\/#\/schema\/logo\/image\/\"}}]}<\/script>\n<!-- \/ Yoast SEO plugin. -->","yoast_head_json":{"title":"Mot du pr\u00e9sident","robots":{"index":"index","follow":"follow","max-snippet":"max-snippet:-1","max-image-preview":"max-image-preview:large","max-video-preview":"max-video-preview:-1"},"canonical":"https:\/\/world-bays.com\/web\/lassociation\/mot-du-president\/","og_locale":"fr_FR","og_type":"article","og_title":"Mot du pr\u00e9sident","og_url":"https:\/\/world-bays.com\/web\/lassociation\/mot-du-president\/","og_site_name":"Les Plus Belles Baies du Monde","article_modified_time":"2025-11-13T01:12:22+00:00","twitter_card":"summary_large_image","schema":{"@context":"https:\/\/schema.org","@graph":[{"@type":"WebPage","@id":"https:\/\/world-bays.com\/web\/lassociation\/mot-du-president\/","url":"https:\/\/world-bays.com\/web\/lassociation\/mot-du-president\/","name":"Mot du pr\u00e9sident","isPartOf":{"@id":"https:\/\/world-bays.com\/web\/#website"},"datePublished":"2023-10-19T00:41:54+00:00","dateModified":"2025-11-13T01:12:22+00:00","breadcrumb":{"@id":"https:\/\/world-bays.com\/web\/lassociation\/mot-du-president\/#breadcrumb"},"inLanguage":"fr-FR","potentialAction":[{"@type":"ReadAction","target":["https:\/\/world-bays.com\/web\/lassociation\/mot-du-president\/"]}]},{"@type":"BreadcrumbList","@id":"https:\/\/world-bays.com\/web\/lassociation\/mot-du-president\/#breadcrumb","itemListElement":[{"@type":"ListItem","position":1,"name":"Home","item":"https:\/\/world-bays.com\/web\/"},{"@type":"ListItem","position":2,"name":"L&rsquo;association","item":"https:\/\/world-bays.com\/web\/lassociation\/"},{"@type":"ListItem","position":3,"name":"Mot du pr\u00e9sident"}]},{"@type":"WebSite","@id":"https:\/\/world-bays.com\/web\/#website","url":"https:\/\/world-bays.com\/web\/","name":"Les Plus Belles Baies du Monde","description":"","publisher":{"@id":"https:\/\/world-bays.com\/web\/#organization"},"potentialAction":[{"@type":"SearchAction","target":{"@type":"EntryPoint","urlTemplate":"https:\/\/world-bays.com\/web\/?s={search_term_string}"},"query-input":"required name=search_term_string"}],"inLanguage":"fr-FR"},{"@type":"Organization","@id":"https:\/\/world-bays.com\/web\/#organization","name":"Les Plus Belles Baies du Monde","url":"https:\/\/world-bays.com\/web\/","logo":{"@type":"ImageObject","inLanguage":"fr-FR","@id":"https:\/\/world-bays.com\/web\/#\/schema\/logo\/image\/","url":"https:\/\/world-bays.com\/web\/app\/uploads\/2023\/11\/img_0149.png","contentUrl":"https:\/\/world-bays.com\/web\/app\/uploads\/2023\/11\/img_0149.png","width":174,"height":162,"caption":"Les Plus Belles Baies du Monde"},"image":{"@id":"https:\/\/world-bays.com\/web\/#\/schema\/logo\/image\/"}}]}},"_links":{"self":[{"href":"https:\/\/world-bays.com\/web\/wp-json\/wp\/v2\/pages\/1243","targetHints":{"allow":["GET"]}}],"collection":[{"href":"https:\/\/world-bays.com\/web\/wp-json\/wp\/v2\/pages"}],"about":[{"href":"https:\/\/world-bays.com\/web\/wp-json\/wp\/v2\/types\/page"}],"author":[{"embeddable":true,"href":"https:\/\/world-bays.com\/web\/wp-json\/wp\/v2\/users\/4"}],"replies":[{"embeddable":true,"href":"https:\/\/world-bays.com\/web\/wp-json\/wp\/v2\/comments?post=1243"}],"version-history":[{"count":23,"href":"https:\/\/world-bays.com\/web\/wp-json\/wp\/v2\/pages\/1243\/revisions"}],"predecessor-version":[{"id":2277,"href":"https:\/\/world-bays.com\/web\/wp-json\/wp\/v2\/pages\/1243\/revisions\/2277"}],"up":[{"embeddable":true,"href":"https:\/\/world-bays.com\/web\/wp-json\/wp\/v2\/pages\/11"}],"wp:attachment":[{"href":"https:\/\/world-bays.com\/web\/wp-json\/wp\/v2\/media?parent=1243"}],"curies":[{"name":"wp","href":"https:\/\/api.w.org\/{rel}","templated":true}]}}